{"id":1004,"date":"2026-01-23T14:45:27","date_gmt":"2026-01-23T13:45:27","guid":{"rendered":"https:\/\/neu.holweide-bv.de\/?page_id=1004"},"modified":"2026-04-03T13:50:45","modified_gmt":"2026-04-03T11:50:45","slug":"die-buergervereinigung","status":"publish","type":"page","link":"https:\/\/www.holweide-bv.de\/index.php\/die-buergervereinigung\/","title":{"rendered":"Die B\u00fcrgervereinigung"},"content":{"rendered":"<p>&nbsp;<\/p>\r\n<h3><strong>Vorstand<\/strong><\/h3>\r\n<!-- \/wp:post-content -->\r\n\r\n<!-- wp:paragraph -->\r\n<ul>\r\n<li>\r\n<div dir=\"auto\">1. Vorsitzender: Thomas Gladisch<\/div>\r\n<\/li>\r\n<li>\r\n<div dir=\"auto\">2. Vorsitzender: Sebastian Obermeier\u00a0<\/div>\r\n<\/li>\r\n<li>\r\n<div dir=\"auto\">1. Kassierer: Guido Theissen\u00a0<\/div>\r\n<\/li>\r\n<li>\r\n<div dir=\"auto\">2. Kassierer: Rainer Paffenholz\u00a0<\/div>\r\n<\/li>\r\n<li>\r\n<div dir=\"auto\">1. Schriftf\u00fchrer: Karl Heinz R\u00fchlemann\u00a0<\/div>\r\n<\/li>\r\n<li>\r\n<div dir=\"auto\">2. Schriftf\u00fchrer: M\u00e4ggy Ruhkopf\u00a0<\/div>\r\n<\/li>\r\n<\/ul>\r\n<!-- \/wp:paragraph -->\r\n\r\n<!-- wp:paragraph -->\r\n<p>Die Vorstandsmitglieder werden abwechselnd im 2 Jahresrhytmus auf der Mitgliederversammlung gew\u00e4hlt. \u00a0 Die B\u00fcrgervereinigung ist ein gemeinn\u00fctziger, eingetragener Verein. Inzwischen unterst\u00fctzen uns mehr als 500 Mitglieder.<\/p>\r\n<p>&nbsp;<\/p>\r\n<!-- \/wp:paragraph -->\r\n\r\n<!-- wp:heading {\"level\":3} -->\r\n<h4 class=\"wp-block-heading\">So sieht unser Aufbau aus:<\/h4>\r\n<!-- \/wp:heading -->\r\n\r\n<!-- wp:paragraph -->\r\n<p>1. die Mitgliederversammlung<\/p>\r\n<!-- \/wp:paragraph -->\r\n\r\n<!-- wp:paragraph -->\r\n<p>2. der Vorstand<\/p>\r\n<!-- \/wp:paragraph -->\r\n\r\n<!-- wp:paragraph -->\r\n<p>3. die Beir\u00e4te<\/p>\r\n<!-- \/wp:paragraph -->\r\n\r\n<!-- wp:paragraph -->\r\n<p>Der Vorstand besteht traditionell aus drei Vorst\u00e4nden und drei Vertretern. Den beiden Vorsitzenden, den beiden Kassierern und den beiden Schriftf\u00fchrern.<\/p>\r\n<!-- \/wp:paragraph -->\r\n\r\n<!-- wp:paragraph -->\r\n<p>Der Vorstand agiert als Team und l\u00e4sst sich in seiner Arbeit und seinen Ideen auch von Beir\u00e4ten unterst\u00fctzen. Die Beir\u00e4te sind Berater des Vorstands. Eine Mitgliedschaft ist nicht erforderlich. Die Beir\u00e4te k\u00f6nnen so wertvolle Impulse setzen und wichtige Aufgaben erf\u00fcllen.<\/p>\r\n<!-- \/wp:paragraph -->\r\n\r\n<!-- wp:paragraph -->\r\n<p>Unser Vereinsleben ist u.a. in Arbeitskreisen organisiert. Arbeitskreise sind aufgabenbezogene Projekte, wie etwa das Planen und Durchf\u00fchren von Aktivit\u00e4ten. Arbeitskreise agieren &#8211; weitestgehend selbst\u00e4ndig &#8211; im Rahmen Ihres festgelegten Auftrages und haben ein Budget. Der Leiter des Arbeitskreises wird durch den Vorstand bestellt und sollte Mitglied sein.<\/p>\r\n<p>&nbsp;<\/p>\r\n<!-- \/wp:paragraph -->\r\n\r\n<!-- wp:paragraph -->\r\n<h5>Unabh\u00e4ngig von unserer Organisation gilt:<\/h5>\r\n<!-- \/wp:paragraph -->\r\n\r\n<!-- wp:paragraph -->\r\n<p>Ehrenamtliches Engagement wird bei uns nicht durch &#8222;Postenhierarchie&#8220; verhindert. Egal ob Vorstand, Beirat, Mitglied oder Nichtmitglied gilt f\u00fcr uns: Eine gute Idee, ist eine gute Idee und jede ehrenamtliche Arbeit ist gute Arbeit!<\/p>\r\n<p>&nbsp;<\/p>\r\n<h4>Unser Leitbild<\/h4>\r\n<ul>\r\n<li>Wir vertreten die Interessen unseres Stadtteils und seiner B\u00fcrger.<\/li>\r\n<li>Wir wollen Vermittler sein zwischen Stadt, Politik, B\u00fcrgern, Gruppen und Vereinen.<\/li>\r\n<li>Wir f\u00f6rdern das Brauchtum und die Kultur unseres Veedels.<\/li>\r\n<li>Wir wirken bei der Stadtteilplanung und -gestaltung mit.<\/li>\r\n<li>Wir bieten Freizeitaktivit\u00e4ten und Events f\u00fcr unseren Stadtteil.<\/li>\r\n<li>Wir engagieren uns sozial und f\u00fcr das Gemeinwohl.<\/li>\r\n<\/ul>","protected":false},"excerpt":{"rendered":"<p>&nbsp; Vorstand 1. Vorsitzender: Thomas Gladisch 2. Vorsitzender: Sebastian Obermeier\u00a0 1. Kassierer: Guido Theissen\u00a0 2. Kassierer: Rainer Paffenholz\u00a0 1. Schriftf\u00fchrer: Karl Heinz R\u00fchlemann\u00a0 2. Schriftf\u00fchrer: M\u00e4ggy Ruhkopf\u00a0 Die Vorstandsmitglieder werden abwechselnd im 2 Jahresrhytmus auf der Mitgliederversammlung gew\u00e4hlt. \u00a0 Die B\u00fcrgervereinigung ist ein gemeinn\u00fctziger, eingetragener Verein. Inzwischen unterst\u00fctzen uns mehr als 500 Mitglieder. &nbsp; So sieht unser Aufbau aus: 1. die Mitgliederversammlung 2. der Vorstand 3. die Beir\u00e4te Der Vorstand besteht traditionell aus drei Vorst\u00e4nden und drei Vertretern. Den beiden Vorsitzenden, den beiden Kassierern und den beiden Schriftf\u00fchrern. Der Vorstand agiert als Team und l\u00e4sst sich in seiner Arbeit und seinen Ideen auch von Beir\u00e4ten unterst\u00fctzen. Die Beir\u00e4te sind Berater des Vorstands. Eine Mitgliedschaft ist nicht erforderlich. Die Beir\u00e4te k\u00f6nnen so wertvolle Impulse setzen und wichtige Aufgaben erf\u00fcllen. Unser Vereinsleben ist u.a. in Arbeitskreisen organisiert. Arbeitskreise sind aufgabenbezogene Projekte, wie etwa das Planen und Durchf\u00fchren von Aktivit\u00e4ten. Arbeitskreise agieren &#8211; weitestgehend selbst\u00e4ndig &#8211; im Rahmen Ihres festgelegten Auftrages und haben ein Budget. Der Leiter des Arbeitskreises wird durch den Vorstand bestellt und sollte Mitglied sein. &nbsp; Unabh\u00e4ngig von unserer Organisation gilt: Ehrenamtliches Engagement wird bei uns nicht durch &#8222;Postenhierarchie&#8220; verhindert. Egal ob Vorstand, Beirat, Mitglied oder Nichtmitglied gilt f\u00fcr uns: Eine gute Idee, ist eine gute Idee und jede ehrenamtliche Arbeit ist gute Arbeit! &nbsp; Unser Leitbild Wir vertreten die Interessen unseres Stadtteils und seiner B\u00fcrger. Wir wollen Vermittler sein zwischen Stadt, Politik, B\u00fcrgern, Gruppen und Vereinen. Wir f\u00f6rdern das Brauchtum und die Kultur unseres Veedels. Wir wirken bei der Stadtteilplanung und -gestaltung mit. Wir bieten Freizeitaktivit\u00e4ten und Events f\u00fcr unseren Stadtteil. Wir engagieren uns sozial und f\u00fcr das Gemeinwohl.<\/p>\n","protected":false},"author":2,"featured_media":0,"parent":0,"menu_order":0,"comment_status":"closed","ping_status":"closed","template":"","meta":{"footnotes":""},"class_list":["post-1004","page","type-page","status-publish","hentry"],"yoast_head":"<!-- This site is optimized with the Yoast SEO plugin v27.5 - https:\/\/yoast.com\/product\/yoast-seo-wordpress\/ -->\n<title>Die B\u00fcrgervereinigung - B\u00fcrgervereinigung Holweide<\/title>\n<meta name=\"robots\" content=\"index, follow, max-snippet:-1, max-image-preview:large, max-video-preview:-1\" \/>\n<link rel=\"canonical\" href=\"https:\/\/www.holweide-bv.de\/index.php\/die-buergervereinigung\/\" \/>\n<meta property=\"og:locale\" content=\"de_DE\" \/>\n<meta property=\"og:type\" content=\"article\" \/>\n<meta property=\"og:title\" content=\"Die B\u00fcrgervereinigung - B\u00fcrgervereinigung Holweide\" \/>\n<meta property=\"og:description\" content=\"&nbsp; Vorstand 1. Vorsitzender: Thomas Gladisch 2. Vorsitzender: Sebastian Obermeier\u00a0 1. Kassierer: Guido Theissen\u00a0 2. Kassierer: Rainer Paffenholz\u00a0 1. Schriftf\u00fchrer: Karl Heinz R\u00fchlemann\u00a0 2. Schriftf\u00fchrer: M\u00e4ggy Ruhkopf\u00a0 Die Vorstandsmitglieder werden abwechselnd im 2 Jahresrhytmus auf der Mitgliederversammlung gew\u00e4hlt. \u00a0 Die B\u00fcrgervereinigung ist ein gemeinn\u00fctziger, eingetragener Verein. Inzwischen unterst\u00fctzen uns mehr als 500 Mitglieder. &nbsp; So sieht unser Aufbau aus: 1. die Mitgliederversammlung 2. der Vorstand 3. die Beir\u00e4te Der Vorstand besteht traditionell aus drei Vorst\u00e4nden und drei Vertretern. Den beiden Vorsitzenden, den beiden Kassierern und den beiden Schriftf\u00fchrern. Der Vorstand agiert als Team und l\u00e4sst sich in seiner Arbeit und seinen Ideen auch von Beir\u00e4ten unterst\u00fctzen. Die Beir\u00e4te sind Berater des Vorstands. Eine Mitgliedschaft ist nicht erforderlich. Die Beir\u00e4te k\u00f6nnen so wertvolle Impulse setzen und wichtige Aufgaben erf\u00fcllen. Unser Vereinsleben ist u.a. in Arbeitskreisen organisiert. Arbeitskreise sind aufgabenbezogene Projekte, wie etwa das Planen und Durchf\u00fchren von Aktivit\u00e4ten. Arbeitskreise agieren &#8211; weitestgehend selbst\u00e4ndig &#8211; im Rahmen Ihres festgelegten Auftrages und haben ein Budget. Der Leiter des Arbeitskreises wird durch den Vorstand bestellt und sollte Mitglied sein. &nbsp; Unabh\u00e4ngig von unserer Organisation gilt: Ehrenamtliches Engagement wird bei uns nicht durch &#8222;Postenhierarchie&#8220; verhindert. Egal ob Vorstand, Beirat, Mitglied oder Nichtmitglied gilt f\u00fcr uns: Eine gute Idee, ist eine gute Idee und jede ehrenamtliche Arbeit ist gute Arbeit! &nbsp; Unser Leitbild Wir vertreten die Interessen unseres Stadtteils und seiner B\u00fcrger. Wir wollen Vermittler sein zwischen Stadt, Politik, B\u00fcrgern, Gruppen und Vereinen. Wir f\u00f6rdern das Brauchtum und die Kultur unseres Veedels. Wir wirken bei der Stadtteilplanung und -gestaltung mit. Wir bieten Freizeitaktivit\u00e4ten und Events f\u00fcr unseren Stadtteil. Wir engagieren uns sozial und f\u00fcr das Gemeinwohl.\" \/>\n<meta property=\"og:url\" content=\"https:\/\/www.holweide-bv.de\/index.php\/die-buergervereinigung\/\" \/>\n<meta property=\"og:site_name\" content=\"B\u00fcrgervereinigung Holweide\" \/>\n<meta property=\"article:modified_time\" content=\"2026-04-03T11:50:45+00:00\" \/>\n<meta name=\"twitter:card\" content=\"summary_large_image\" \/>\n<meta name=\"twitter:label1\" content=\"Gesch\u00e4tzte Lesezeit\" \/>\n\t<meta name=\"twitter:data1\" content=\"2\u00a0Minuten\" \/>\n<script type=\"application\/ld+json\" class=\"yoast-schema-graph\">{\"@context\":\"https:\\\/\\\/schema.org\",\"@graph\":[{\"@type\":\"WebPage\",\"@id\":\"https:\\\/\\\/www.holweide-bv.de\\\/index.php\\\/die-buergervereinigung\\\/\",\"url\":\"https:\\\/\\\/www.holweide-bv.de\\\/index.php\\\/die-buergervereinigung\\\/\",\"name\":\"Die B\u00fcrgervereinigung - B\u00fcrgervereinigung Holweide\",\"isPartOf\":{\"@id\":\"https:\\\/\\\/www.holweide-bv.de\\\/#website\"},\"datePublished\":\"2026-01-23T13:45:27+00:00\",\"dateModified\":\"2026-04-03T11:50:45+00:00\",\"breadcrumb\":{\"@id\":\"https:\\\/\\\/www.holweide-bv.de\\\/index.php\\\/die-buergervereinigung\\\/#breadcrumb\"},\"inLanguage\":\"de\",\"potentialAction\":[{\"@type\":\"ReadAction\",\"target\":[\"https:\\\/\\\/www.holweide-bv.de\\\/index.php\\\/die-buergervereinigung\\\/\"]}]},{\"@type\":\"BreadcrumbList\",\"@id\":\"https:\\\/\\\/www.holweide-bv.de\\\/index.php\\\/die-buergervereinigung\\\/#breadcrumb\",\"itemListElement\":[{\"@type\":\"ListItem\",\"position\":1,\"name\":\"Start\",\"item\":\"https:\\\/\\\/www.holweide-bv.de\\\/\"},{\"@type\":\"ListItem\",\"position\":2,\"name\":\"Die B\u00fcrgervereinigung\"}]},{\"@type\":\"WebSite\",\"@id\":\"https:\\\/\\\/www.holweide-bv.de\\\/#website\",\"url\":\"https:\\\/\\\/www.holweide-bv.de\\\/\",\"name\":\"B\u00fcrgervereinigung Holweide\",\"description\":\"\",\"potentialAction\":[{\"@type\":\"SearchAction\",\"target\":{\"@type\":\"EntryPoint\",\"urlTemplate\":\"https:\\\/\\\/www.holweide-bv.de\\\/?s={search_term_string}\"},\"query-input\":{\"@type\":\"PropertyValueSpecification\",\"valueRequired\":true,\"valueName\":\"search_term_string\"}}],\"inLanguage\":\"de\"}]}<\/script>\n<!-- \/ Yoast SEO plugin. -->","yoast_head_json":{"title":"Die B\u00fcrgervereinigung - B\u00fcrgervereinigung Holweide","robots":{"index":"index","follow":"follow","max-snippet":"max-snippet:-1","max-image-preview":"max-image-preview:large","max-video-preview":"max-video-preview:-1"},"canonical":"https:\/\/www.holweide-bv.de\/index.php\/die-buergervereinigung\/","og_locale":"de_DE","og_type":"article","og_title":"Die B\u00fcrgervereinigung - B\u00fcrgervereinigung Holweide","og_description":"&nbsp; Vorstand 1. Vorsitzender: Thomas Gladisch 2. Vorsitzender: Sebastian Obermeier\u00a0 1. Kassierer: Guido Theissen\u00a0 2. Kassierer: Rainer Paffenholz\u00a0 1. Schriftf\u00fchrer: Karl Heinz R\u00fchlemann\u00a0 2. Schriftf\u00fchrer: M\u00e4ggy Ruhkopf\u00a0 Die Vorstandsmitglieder werden abwechselnd im 2 Jahresrhytmus auf der Mitgliederversammlung gew\u00e4hlt. \u00a0 Die B\u00fcrgervereinigung ist ein gemeinn\u00fctziger, eingetragener Verein. Inzwischen unterst\u00fctzen uns mehr als 500 Mitglieder. &nbsp; So sieht unser Aufbau aus: 1. die Mitgliederversammlung 2. der Vorstand 3. die Beir\u00e4te Der Vorstand besteht traditionell aus drei Vorst\u00e4nden und drei Vertretern. Den beiden Vorsitzenden, den beiden Kassierern und den beiden Schriftf\u00fchrern. Der Vorstand agiert als Team und l\u00e4sst sich in seiner Arbeit und seinen Ideen auch von Beir\u00e4ten unterst\u00fctzen. Die Beir\u00e4te sind Berater des Vorstands. Eine Mitgliedschaft ist nicht erforderlich. Die Beir\u00e4te k\u00f6nnen so wertvolle Impulse setzen und wichtige Aufgaben erf\u00fcllen. Unser Vereinsleben ist u.a. in Arbeitskreisen organisiert. Arbeitskreise sind aufgabenbezogene Projekte, wie etwa das Planen und Durchf\u00fchren von Aktivit\u00e4ten. Arbeitskreise agieren &#8211; weitestgehend selbst\u00e4ndig &#8211; im Rahmen Ihres festgelegten Auftrages und haben ein Budget. Der Leiter des Arbeitskreises wird durch den Vorstand bestellt und sollte Mitglied sein. &nbsp; Unabh\u00e4ngig von unserer Organisation gilt: Ehrenamtliches Engagement wird bei uns nicht durch &#8222;Postenhierarchie&#8220; verhindert. Egal ob Vorstand, Beirat, Mitglied oder Nichtmitglied gilt f\u00fcr uns: Eine gute Idee, ist eine gute Idee und jede ehrenamtliche Arbeit ist gute Arbeit! &nbsp; Unser Leitbild Wir vertreten die Interessen unseres Stadtteils und seiner B\u00fcrger. Wir wollen Vermittler sein zwischen Stadt, Politik, B\u00fcrgern, Gruppen und Vereinen. Wir f\u00f6rdern das Brauchtum und die Kultur unseres Veedels. Wir wirken bei der Stadtteilplanung und -gestaltung mit. Wir bieten Freizeitaktivit\u00e4ten und Events f\u00fcr unseren Stadtteil. Wir engagieren uns sozial und f\u00fcr das Gemeinwohl.","og_url":"https:\/\/www.holweide-bv.de\/index.php\/die-buergervereinigung\/","og_site_name":"B\u00fcrgervereinigung Holweide","article_modified_time":"2026-04-03T11:50:45+00:00","twitter_card":"summary_large_image","twitter_misc":{"Gesch\u00e4tzte Lesezeit":"2\u00a0Minuten"},"schema":{"@context":"https:\/\/schema.org","@graph":[{"@type":"WebPage","@id":"https:\/\/www.holweide-bv.de\/index.php\/die-buergervereinigung\/","url":"https:\/\/www.holweide-bv.de\/index.php\/die-buergervereinigung\/","name":"Die B\u00fcrgervereinigung - B\u00fcrgervereinigung Holweide","isPartOf":{"@id":"https:\/\/www.holweide-bv.de\/#website"},"datePublished":"2026-01-23T13:45:27+00:00","dateModified":"2026-04-03T11:50:45+00:00","breadcrumb":{"@id":"https:\/\/www.holweide-bv.de\/index.php\/die-buergervereinigung\/#breadcrumb"},"inLanguage":"de","potentialAction":[{"@type":"ReadAction","target":["https:\/\/www.holweide-bv.de\/index.php\/die-buergervereinigung\/"]}]},{"@type":"BreadcrumbList","@id":"https:\/\/www.holweide-bv.de\/index.php\/die-buergervereinigung\/#breadcrumb","itemListElement":[{"@type":"ListItem","position":1,"name":"Start","item":"https:\/\/www.holweide-bv.de\/"},{"@type":"ListItem","position":2,"name":"Die B\u00fcrgervereinigung"}]},{"@type":"WebSite","@id":"https:\/\/www.holweide-bv.de\/#website","url":"https:\/\/www.holweide-bv.de\/","name":"B\u00fcrgervereinigung Holweide","description":"","potentialAction":[{"@type":"SearchAction","target":{"@type":"EntryPoint","urlTemplate":"https:\/\/www.holweide-bv.de\/?s={search_term_string}"},"query-input":{"@type":"PropertyValueSpecification","valueRequired":true,"valueName":"search_term_string"}}],"inLanguage":"de"}]}},"_links":{"self":[{"href":"https:\/\/www.holweide-bv.de\/index.php\/wp-json\/wp\/v2\/pages\/1004","targetHints":{"allow":["GET"]}}],"collection":[{"href":"https:\/\/www.holweide-bv.de\/index.php\/wp-json\/wp\/v2\/pages"}],"about":[{"href":"https:\/\/www.holweide-bv.de\/index.php\/wp-json\/wp\/v2\/types\/page"}],"author":[{"embeddable":true,"href":"https:\/\/www.holweide-bv.de\/index.php\/wp-json\/wp\/v2\/users\/2"}],"replies":[{"embeddable":true,"href":"https:\/\/www.holweide-bv.de\/index.php\/wp-json\/wp\/v2\/comments?post=1004"}],"version-history":[{"count":6,"href":"https:\/\/www.holweide-bv.de\/index.php\/wp-json\/wp\/v2\/pages\/1004\/revisions"}],"predecessor-version":[{"id":1539,"href":"https:\/\/www.holweide-bv.de\/index.php\/wp-json\/wp\/v2\/pages\/1004\/revisions\/1539"}],"wp:attachment":[{"href":"https:\/\/www.holweide-bv.de\/index.php\/wp-json\/wp\/v2\/media?parent=1004"}],"curies":[{"name":"wp","href":"https:\/\/api.w.org\/{rel}","templated":true}]}}