{"id":1030,"date":"2026-01-23T15:30:13","date_gmt":"2026-01-23T14:30:13","guid":{"rendered":"https:\/\/neu.holweide-bv.de\/?page_id=1030"},"modified":"2026-02-03T15:27:55","modified_gmt":"2026-02-03T14:27:55","slug":"holweide-feiert","status":"publish","type":"page","link":"https:\/\/www.holweide-bv.de\/index.php\/holweide-feiert\/","title":{"rendered":"Holweide feiert"},"content":{"rendered":"<p>&nbsp;<\/p>\n<p data-start=\"155\" data-end=\"280\">Wenn et Veedel zusammenk\u00fctt, dann wei\u00df Holweide, wie dat jeht:<br data-start=\"217\" data-end=\"220\" \/><em data-start=\"220\" data-end=\"241\">Singe, danze, lache<\/em> \u2013 und zwischendurch einfach mal zuh\u00f6ren.<\/p>\n<p data-start=\"282\" data-end=\"496\">Da steht keiner am Rand. Da schunkelt das Herz mit,<br data-start=\"334\" data-end=\"337\" \/>ob jung, ob alt, ob schon ewig hier oder frisch dabei.<br data-start=\"389\" data-end=\"392\" \/>Musik geht in die Beine und\u00a0 jeder Ton verz\u00e4llt: <strong data-start=\"475\" data-end=\"496\">Mir sin Holweide.<\/strong><\/p>\n<p data-start=\"498\" data-end=\"676\">Mal laut, mal leise, mal mit k\u00f6lschem Liedche, mal Rockmusik &#8211; Live auf der B\u00fchne,\u00a0<br data-start=\"544\" data-end=\"547\" \/>mal mit nem jode Gespr\u00e4ch bei K\u00f6lsch und Brause.<br data-start=\"594\" data-end=\"597\" \/>Holweide feiert dat Leve \u2013<br data-start=\"623\" data-end=\"626\" \/>und Holweide h\u00f6rt zu, wenn et wat ze verz\u00e4lle jitt.<\/p>\n<p data-start=\"678\" data-end=\"789\">Dat es Veedel, dat es Jef\u00f6hl.<br data-start=\"707\" data-end=\"710\" \/>Dat es <em data-start=\"717\" data-end=\"738\">Singe, danze, lache<\/em> \u2013<br data-start=\"740\" data-end=\"743\" \/>und am Ende geht keiner heim, wie er gekommen ist.<\/p>\n<p>&nbsp;<\/p>\n","protected":false},"excerpt":{"rendered":"<p>&nbsp; Wenn et Veedel zusammenk\u00fctt, dann wei\u00df Holweide, wie dat jeht:Singe, danze, lache \u2013 und zwischendurch einfach mal zuh\u00f6ren. Da steht keiner am Rand. Da schunkelt das Herz mit,ob jung, ob alt, ob schon ewig hier oder frisch dabei.Musik geht in die Beine und\u00a0 jeder Ton verz\u00e4llt: Mir sin Holweide. Mal laut, mal leise, mal mit k\u00f6lschem Liedche, mal Rockmusik &#8211; Live auf der B\u00fchne,\u00a0mal mit nem jode Gespr\u00e4ch bei K\u00f6lsch und Brause.Holweide feiert dat Leve \u2013und Holweide h\u00f6rt zu, wenn et wat ze verz\u00e4lle jitt. Dat es Veedel, dat es Jef\u00f6hl.Dat es Singe, danze, lache \u2013und am Ende geht keiner heim, wie er gekommen ist. &nbsp;<\/p>\n","protected":false},"author":2,"featured_media":0,"parent":0,"menu_order":0,"comment_status":"closed","ping_status":"closed","template":"","meta":{"footnotes":""},"class_list":["post-1030","page","type-page","status-publish","hentry"],"yoast_head":"<!-- This site is optimized with the Yoast SEO plugin v27.5 - https:\/\/yoast.com\/product\/yoast-seo-wordpress\/ -->\n<title>Holweide feiert - B\u00fcrgervereinigung Holweide<\/title>\n<meta name=\"robots\" content=\"index, follow, max-snippet:-1, max-image-preview:large, max-video-preview:-1\" \/>\n<link rel=\"canonical\" href=\"https:\/\/www.holweide-bv.de\/index.php\/holweide-feiert\/\" \/>\n<meta property=\"og:locale\" content=\"de_DE\" \/>\n<meta property=\"og:type\" content=\"article\" \/>\n<meta property=\"og:title\" content=\"Holweide feiert - B\u00fcrgervereinigung Holweide\" \/>\n<meta property=\"og:description\" content=\"&nbsp; Wenn et Veedel zusammenk\u00fctt, dann wei\u00df Holweide, wie dat jeht:Singe, danze, lache \u2013 und zwischendurch einfach mal zuh\u00f6ren. Da steht keiner am Rand. Da schunkelt das Herz mit,ob jung, ob alt, ob schon ewig hier oder frisch dabei.Musik geht in die Beine und\u00a0 jeder Ton verz\u00e4llt: Mir sin Holweide. Mal laut, mal leise, mal mit k\u00f6lschem Liedche, mal Rockmusik &#8211; Live auf der B\u00fchne,\u00a0mal mit nem jode Gespr\u00e4ch bei K\u00f6lsch und Brause.Holweide feiert dat Leve \u2013und Holweide h\u00f6rt zu, wenn et wat ze verz\u00e4lle jitt. Dat es Veedel, dat es Jef\u00f6hl.Dat es Singe, danze, lache \u2013und am Ende geht keiner heim, wie er gekommen ist. &nbsp;\" \/>\n<meta property=\"og:url\" content=\"https:\/\/www.holweide-bv.de\/index.php\/holweide-feiert\/\" \/>\n<meta property=\"og:site_name\" content=\"B\u00fcrgervereinigung Holweide\" \/>\n<meta property=\"article:modified_time\" content=\"2026-02-03T14:27:55+00:00\" \/>\n<meta name=\"twitter:card\" content=\"summary_large_image\" \/>\n<meta name=\"twitter:label1\" content=\"Gesch\u00e4tzte Lesezeit\" \/>\n\t<meta name=\"twitter:data1\" content=\"1\u00a0Minute\" \/>\n<script type=\"application\/ld+json\" class=\"yoast-schema-graph\">{\"@context\":\"https:\\\/\\\/schema.org\",\"@graph\":[{\"@type\":\"WebPage\",\"@id\":\"https:\\\/\\\/www.holweide-bv.de\\\/index.php\\\/holweide-feiert\\\/\",\"url\":\"https:\\\/\\\/www.holweide-bv.de\\\/index.php\\\/holweide-feiert\\\/\",\"name\":\"Holweide feiert - B\u00fcrgervereinigung Holweide\",\"isPartOf\":{\"@id\":\"https:\\\/\\\/www.holweide-bv.de\\\/#website\"},\"datePublished\":\"2026-01-23T14:30:13+00:00\",\"dateModified\":\"2026-02-03T14:27:55+00:00\",\"breadcrumb\":{\"@id\":\"https:\\\/\\\/www.holweide-bv.de\\\/index.php\\\/holweide-feiert\\\/#breadcrumb\"},\"inLanguage\":\"de\",\"potentialAction\":[{\"@type\":\"ReadAction\",\"target\":[\"https:\\\/\\\/www.holweide-bv.de\\\/index.php\\\/holweide-feiert\\\/\"]}]},{\"@type\":\"BreadcrumbList\",\"@id\":\"https:\\\/\\\/www.holweide-bv.de\\\/index.php\\\/holweide-feiert\\\/#breadcrumb\",\"itemListElement\":[{\"@type\":\"ListItem\",\"position\":1,\"name\":\"Start\",\"item\":\"https:\\\/\\\/www.holweide-bv.de\\\/\"},{\"@type\":\"ListItem\",\"position\":2,\"name\":\"Holweide feiert\"}]},{\"@type\":\"WebSite\",\"@id\":\"https:\\\/\\\/www.holweide-bv.de\\\/#website\",\"url\":\"https:\\\/\\\/www.holweide-bv.de\\\/\",\"name\":\"B\u00fcrgervereinigung Holweide\",\"description\":\"\",\"potentialAction\":[{\"@type\":\"SearchAction\",\"target\":{\"@type\":\"EntryPoint\",\"urlTemplate\":\"https:\\\/\\\/www.holweide-bv.de\\\/?s={search_term_string}\"},\"query-input\":{\"@type\":\"PropertyValueSpecification\",\"valueRequired\":true,\"valueName\":\"search_term_string\"}}],\"inLanguage\":\"de\"}]}<\/script>\n<!-- \/ Yoast SEO plugin. -->","yoast_head_json":{"title":"Holweide feiert - B\u00fcrgervereinigung Holweide","robots":{"index":"index","follow":"follow","max-snippet":"max-snippet:-1","max-image-preview":"max-image-preview:large","max-video-preview":"max-video-preview:-1"},"canonical":"https:\/\/www.holweide-bv.de\/index.php\/holweide-feiert\/","og_locale":"de_DE","og_type":"article","og_title":"Holweide feiert - B\u00fcrgervereinigung Holweide","og_description":"&nbsp; Wenn et Veedel zusammenk\u00fctt, dann wei\u00df Holweide, wie dat jeht:Singe, danze, lache \u2013 und zwischendurch einfach mal zuh\u00f6ren. Da steht keiner am Rand. Da schunkelt das Herz mit,ob jung, ob alt, ob schon ewig hier oder frisch dabei.Musik geht in die Beine und\u00a0 jeder Ton verz\u00e4llt: Mir sin Holweide. Mal laut, mal leise, mal mit k\u00f6lschem Liedche, mal Rockmusik &#8211; Live auf der B\u00fchne,\u00a0mal mit nem jode Gespr\u00e4ch bei K\u00f6lsch und Brause.Holweide feiert dat Leve \u2013und Holweide h\u00f6rt zu, wenn et wat ze verz\u00e4lle jitt. Dat es Veedel, dat es Jef\u00f6hl.Dat es Singe, danze, lache \u2013und am Ende geht keiner heim, wie er gekommen ist. &nbsp;","og_url":"https:\/\/www.holweide-bv.de\/index.php\/holweide-feiert\/","og_site_name":"B\u00fcrgervereinigung Holweide","article_modified_time":"2026-02-03T14:27:55+00:00","twitter_card":"summary_large_image","twitter_misc":{"Gesch\u00e4tzte Lesezeit":"1\u00a0Minute"},"schema":{"@context":"https:\/\/schema.org","@graph":[{"@type":"WebPage","@id":"https:\/\/www.holweide-bv.de\/index.php\/holweide-feiert\/","url":"https:\/\/www.holweide-bv.de\/index.php\/holweide-feiert\/","name":"Holweide feiert - B\u00fcrgervereinigung Holweide","isPartOf":{"@id":"https:\/\/www.holweide-bv.de\/#website"},"datePublished":"2026-01-23T14:30:13+00:00","dateModified":"2026-02-03T14:27:55+00:00","breadcrumb":{"@id":"https:\/\/www.holweide-bv.de\/index.php\/holweide-feiert\/#breadcrumb"},"inLanguage":"de","potentialAction":[{"@type":"ReadAction","target":["https:\/\/www.holweide-bv.de\/index.php\/holweide-feiert\/"]}]},{"@type":"BreadcrumbList","@id":"https:\/\/www.holweide-bv.de\/index.php\/holweide-feiert\/#breadcrumb","itemListElement":[{"@type":"ListItem","position":1,"name":"Start","item":"https:\/\/www.holweide-bv.de\/"},{"@type":"ListItem","position":2,"name":"Holweide feiert"}]},{"@type":"WebSite","@id":"https:\/\/www.holweide-bv.de\/#website","url":"https:\/\/www.holweide-bv.de\/","name":"B\u00fcrgervereinigung Holweide","description":"","potentialAction":[{"@type":"SearchAction","target":{"@type":"EntryPoint","urlTemplate":"https:\/\/www.holweide-bv.de\/?s={search_term_string}"},"query-input":{"@type":"PropertyValueSpecification","valueRequired":true,"valueName":"search_term_string"}}],"inLanguage":"de"}]}},"_links":{"self":[{"href":"https:\/\/www.holweide-bv.de\/index.php\/wp-json\/wp\/v2\/pages\/1030","targetHints":{"allow":["GET"]}}],"collection":[{"href":"https:\/\/www.holweide-bv.de\/index.php\/wp-json\/wp\/v2\/pages"}],"about":[{"href":"https:\/\/www.holweide-bv.de\/index.php\/wp-json\/wp\/v2\/types\/page"}],"author":[{"embeddable":true,"href":"https:\/\/www.holweide-bv.de\/index.php\/wp-json\/wp\/v2\/users\/2"}],"replies":[{"embeddable":true,"href":"https:\/\/www.holweide-bv.de\/index.php\/wp-json\/wp\/v2\/comments?post=1030"}],"version-history":[{"count":3,"href":"https:\/\/www.holweide-bv.de\/index.php\/wp-json\/wp\/v2\/pages\/1030\/revisions"}],"predecessor-version":[{"id":1541,"href":"https:\/\/www.holweide-bv.de\/index.php\/wp-json\/wp\/v2\/pages\/1030\/revisions\/1541"}],"wp:attachment":[{"href":"https:\/\/www.holweide-bv.de\/index.php\/wp-json\/wp\/v2\/media?parent=1030"}],"curies":[{"name":"wp","href":"https:\/\/api.w.org\/{rel}","templated":true}]}}