{"id":11,"date":"2026-01-18T17:49:14","date_gmt":"2026-01-18T16:49:14","guid":{"rendered":"https:\/\/neu.holweide-bv.de\/?page_id=11"},"modified":"2026-05-01T15:32:30","modified_gmt":"2026-05-01T13:32:30","slug":"start","status":"publish","type":"page","link":"https:\/\/www.holweide-bv.de\/","title":{"rendered":"Herzlich Willkommen bei der B\u00fcrgervereinigung K\u00f6ln-Holweide e.V."},"content":{"rendered":"\t\t<div data-elementor-type=\"wp-page\" data-elementor-id=\"11\" class=\"elementor elementor-11\">\n\t\t\t\t<div class=\"elementor-element elementor-element-48beb428 e-flex e-con-boxed e-con e-parent\" data-id=\"48beb428\" data-element_type=\"container\" data-e-type=\"container\">\n\t\t\t\t\t<div class=\"e-con-inner\">\n\t\t\t\t<div class=\"elementor-element elementor-element-511e47ce elementor-widget elementor-widget-text-editor\" data-id=\"511e47ce\" data-element_type=\"widget\" data-e-type=\"widget\" data-widget_type=\"text-editor.default\">\n\t\t\t\t\t\t\t\t\t<p>\u00a0<\/p>\n\n<p class=\"has-text-align-center\" style=\"text-align: center;\">\u00dcber 100 Jahre lang haben Menschen in Holweide gemeinsam angepackt, gefeiert, gestritten und wieder zusammengefunden \u2013 alles f\u00fcr unseren Stadtteil. Genau das ist die Geschichte unserer B\u00fcrgervereinigung.<\/p>\n\n<p class=\"has-text-align-center\" style=\"text-align: center;\">Wir sind mitten im Leben von Holweide, begleiten die Feste, unterst\u00fctzen die Vereine, feiern die kleinen und gro\u00dfen Gesch\u00e4fte vor Ort und bewahren die Geschichten, die unseren Stadtteil so einzigartig machen.<\/p>\n\n<p class=\"has-text-align-center\" style=\"text-align: center;\">Aber Holweide lebt nicht nur von der Vergangenheit. Es lebt von uns allen, die heute hier sind und Lust haben, etwas zu bewegen. Jeder Einsatz, jede Idee, jeder kleine Beitrag macht unseren Stadtteil ein St\u00fcck lebenswerter.<\/p>\n\n<p class=\"has-text-align-center\" style=\"text-align: center;\">Jeder der Lust hat Holweide aktiv mitzugestalten, ist bei uns genau richtig. Werde Teil unserer Gemeinschaft, bring Ideen ein und erlebe, wie viel Spa\u00df es macht, gemeinsam etwas zu bewegen.<\/p>\n\t\t\t\t\t\t\t\t<\/div>\n\t\t\t\t\t<\/div>\n\t\t\t\t<\/div>\n\t\t<div class=\"elementor-element elementor-element-1863e59 e-grid e-con-boxed e-con e-parent\" data-id=\"1863e59\" data-element_type=\"container\" data-e-type=\"container\">\n\t\t\t\t\t<div class=\"e-con-inner\">\n\t\t\t\t<div class=\"elementor-element elementor-element-1fd80a1 elementor-widget elementor-widget-spacer\" data-id=\"1fd80a1\" data-element_type=\"widget\" data-e-type=\"widget\" data-widget_type=\"spacer.default\">\n\t\t\t\t\t\t\t<div class=\"elementor-spacer\">\n\t\t\t<div class=\"elementor-spacer-inner\"><\/div>\n\t\t<\/div>\n\t\t\t\t\t\t<\/div>\n\t\t\t\t<div class=\"elementor-element elementor-element-87d9281 elementor-widget elementor-widget-heading\" data-id=\"87d9281\" data-element_type=\"widget\" data-e-type=\"widget\" data-widget_type=\"heading.default\">\n\t\t\t\t\t<h2 class=\"elementor-heading-title elementor-size-default\">Hollwigg zesamme - Gemeinschaft leben<\/h2>\t\t\t\t<\/div>\n\t\t\t\t\t<\/div>\n\t\t\t\t<\/div>\n\t\t<div class=\"elementor-element elementor-element-0362ea5 e-grid e-con-boxed e-con e-parent\" data-id=\"0362ea5\" data-element_type=\"container\" data-e-type=\"container\">\n\t\t\t\t\t<div class=\"e-con-inner\">\n\t\t\t\t<div class=\"elementor-element elementor-element-fa01798 elementor-widget elementor-widget-image\" data-id=\"fa01798\" data-element_type=\"widget\" data-e-type=\"widget\" data-widget_type=\"image.default\">\n\t\t\t\t\t\t\t\t\t\t\t\t<figure class=\"wp-caption\">\n\t\t\t\t\t\t\t\t\t\t\t<a href=\"https:\/\/neu.holweide-bv.de\/index.php\/holweide-feiert\/%20\" target=\"_blank\">\n\t\t\t\t\t\t\t<img fetchpriority=\"high\" decoding=\"async\" width=\"735\" height=\"847\" src=\"https:\/\/www.holweide-bv.de\/wp-content\/uploads\/2026\/04\/Holweide-feiert-e1776514561939.jpg\" class=\"attachment-large size-large wp-image-1568\" alt=\"\" srcset=\"https:\/\/www.holweide-bv.de\/wp-content\/uploads\/2026\/04\/Holweide-feiert-e1776514561939.jpg 735w, https:\/\/www.holweide-bv.de\/wp-content\/uploads\/2026\/04\/Holweide-feiert-e1776514561939-260x300.jpg 260w\" sizes=\"(max-width: 735px) 100vw, 735px\" \/>\t\t\t\t\t\t\t\t<\/a>\n\t\t\t\t\t\t\t\t\t\t\t<figcaption class=\"widget-image-caption wp-caption-text\">HOLWEIDE FEIERT<\/figcaption>\n\t\t\t\t\t\t\t\t\t\t<\/figure>\n\t\t\t\t\t\t\t\t\t<\/div>\n\t\t\t\t<div class=\"elementor-element elementor-element-a870595 elementor-widget elementor-widget-image\" data-id=\"a870595\" data-element_type=\"widget\" data-e-type=\"widget\" data-widget_type=\"image.default\">\n\t\t\t\t\t\t\t\t\t\t\t\t<figure class=\"wp-caption\">\n\t\t\t\t\t\t\t\t\t\t\t<a href=\"https:\/\/neu.holweide-bv.de\/index.php\/alt-und-jung\/\">\n\t\t\t\t\t\t\t<img decoding=\"async\" width=\"887\" height=\"1024\" src=\"https:\/\/www.holweide-bv.de\/wp-content\/uploads\/2026\/04\/Alt-und-Jung-887x1024.jpg\" class=\"attachment-large size-large wp-image-1571\" alt=\"\" srcset=\"https:\/\/www.holweide-bv.de\/wp-content\/uploads\/2026\/04\/Alt-und-Jung-887x1024.jpg 887w, https:\/\/www.holweide-bv.de\/wp-content\/uploads\/2026\/04\/Alt-und-Jung-260x300.jpg 260w, https:\/\/www.holweide-bv.de\/wp-content\/uploads\/2026\/04\/Alt-und-Jung-768x887.jpg 768w, https:\/\/www.holweide-bv.de\/wp-content\/uploads\/2026\/04\/Alt-und-Jung-1140x1317.jpg 1140w, https:\/\/www.holweide-bv.de\/wp-content\/uploads\/2026\/04\/Alt-und-Jung.jpg 1200w\" sizes=\"(max-width: 887px) 100vw, 887px\" \/>\t\t\t\t\t\t\t\t<\/a>\n\t\t\t\t\t\t\t\t\t\t\t<figcaption class=\"widget-image-caption wp-caption-text\">ALT UND JUNG <\/figcaption>\n\t\t\t\t\t\t\t\t\t\t<\/figure>\n\t\t\t\t\t\t\t\t\t<\/div>\n\t\t\t\t<div class=\"elementor-element elementor-element-7bbafca elementor-widget elementor-widget-image\" data-id=\"7bbafca\" data-element_type=\"widget\" data-e-type=\"widget\" data-widget_type=\"image.default\">\n\t\t\t\t\t\t\t\t\t\t\t\t<figure class=\"wp-caption\">\n\t\t\t\t\t\t\t\t\t\t\t<a href=\"https:\/\/neu.holweide-bv.de\/index.php\/holweide-hilft\/\">\n\t\t\t\t\t\t\t<img decoding=\"async\" width=\"891\" height=\"1024\" src=\"https:\/\/www.holweide-bv.de\/wp-content\/uploads\/2026\/04\/Holweide-hilft-891x1024.jpg\" class=\"attachment-large size-large wp-image-1569\" alt=\"\" srcset=\"https:\/\/www.holweide-bv.de\/wp-content\/uploads\/2026\/04\/Holweide-hilft-891x1024.jpg 891w, https:\/\/www.holweide-bv.de\/wp-content\/uploads\/2026\/04\/Holweide-hilft-261x300.jpg 261w, https:\/\/www.holweide-bv.de\/wp-content\/uploads\/2026\/04\/Holweide-hilft-768x883.jpg 768w, https:\/\/www.holweide-bv.de\/wp-content\/uploads\/2026\/04\/Holweide-hilft-1140x1310.jpg 1140w, https:\/\/www.holweide-bv.de\/wp-content\/uploads\/2026\/04\/Holweide-hilft.jpg 1200w\" sizes=\"(max-width: 891px) 100vw, 891px\" \/>\t\t\t\t\t\t\t\t<\/a>\n\t\t\t\t\t\t\t\t\t\t\t<figcaption class=\"widget-image-caption wp-caption-text\">HOLWEIDE HILFT<\/figcaption>\n\t\t\t\t\t\t\t\t\t\t<\/figure>\n\t\t\t\t\t\t\t\t\t<\/div>\n\t\t\t\t\t<\/div>\n\t\t\t\t<\/div>\n\t\t<div class=\"elementor-element elementor-element-b15ce10 e-grid e-con-boxed e-con e-parent\" data-id=\"b15ce10\" data-element_type=\"container\" data-e-type=\"container\">\n\t\t\t\t\t<div class=\"e-con-inner\">\n\t\t\t\t<div class=\"elementor-element elementor-element-cf3beee elementor-widget elementor-widget-image\" data-id=\"cf3beee\" data-element_type=\"widget\" data-e-type=\"widget\" data-widget_type=\"image.default\">\n\t\t\t\t\t\t\t\t\t\t\t\t\t\t\t<img loading=\"lazy\" decoding=\"async\" width=\"768\" height=\"1024\" src=\"https:\/\/www.holweide-bv.de\/wp-content\/uploads\/2026\/02\/E03A5BC5-8ADF-4FA8-99CA-1F137846E077-768x1024.jpg\" class=\"attachment-large size-large wp-image-1402\" alt=\"\" srcset=\"https:\/\/www.holweide-bv.de\/wp-content\/uploads\/2026\/02\/E03A5BC5-8ADF-4FA8-99CA-1F137846E077-768x1024.jpg 768w, https:\/\/www.holweide-bv.de\/wp-content\/uploads\/2026\/02\/E03A5BC5-8ADF-4FA8-99CA-1F137846E077-225x300.jpg 225w, https:\/\/www.holweide-bv.de\/wp-content\/uploads\/2026\/02\/E03A5BC5-8ADF-4FA8-99CA-1F137846E077-1152x1536.jpg 1152w, https:\/\/www.holweide-bv.de\/wp-content\/uploads\/2026\/02\/E03A5BC5-8ADF-4FA8-99CA-1F137846E077-1140x1520.jpg 1140w, https:\/\/www.holweide-bv.de\/wp-content\/uploads\/2026\/02\/E03A5BC5-8ADF-4FA8-99CA-1F137846E077.jpg 1530w\" sizes=\"(max-width: 768px) 100vw, 768px\" \/>\t\t\t\t\t\t\t\t\t\t\t\t\t\t\t<\/div>\n\t\t\t\t<div class=\"elementor-element elementor-element-c2415af elementor-widget elementor-widget-image\" data-id=\"c2415af\" data-element_type=\"widget\" data-e-type=\"widget\" data-widget_type=\"image.default\">\n\t\t\t\t\t\t\t\t\t\t\t\t\t\t\t<img loading=\"lazy\" decoding=\"async\" width=\"733\" height=\"1024\" src=\"https:\/\/www.holweide-bv.de\/wp-content\/uploads\/2026\/04\/2cd04742-28f7-474c-8391-e5cd93edb86b-733x1024.jpg\" class=\"attachment-large size-large wp-image-1542\" alt=\"\" srcset=\"https:\/\/www.holweide-bv.de\/wp-content\/uploads\/2026\/04\/2cd04742-28f7-474c-8391-e5cd93edb86b-733x1024.jpg 733w, https:\/\/www.holweide-bv.de\/wp-content\/uploads\/2026\/04\/2cd04742-28f7-474c-8391-e5cd93edb86b-215x300.jpg 215w, https:\/\/www.holweide-bv.de\/wp-content\/uploads\/2026\/04\/2cd04742-28f7-474c-8391-e5cd93edb86b-768x1072.jpg 768w, https:\/\/www.holweide-bv.de\/wp-content\/uploads\/2026\/04\/2cd04742-28f7-474c-8391-e5cd93edb86b.jpg 828w\" sizes=\"(max-width: 733px) 100vw, 733px\" \/>\t\t\t\t\t\t\t\t\t\t\t\t\t\t\t<\/div>\n\t\t\t\t<div class=\"elementor-element elementor-element-f9a0740 elementor-widget elementor-widget-image\" data-id=\"f9a0740\" data-element_type=\"widget\" data-e-type=\"widget\" data-widget_type=\"image.default\">\n\t\t\t\t\t\t\t\t\t\t\t\t\t\t\t<img loading=\"lazy\" decoding=\"async\" width=\"721\" height=\"1024\" src=\"https:\/\/www.holweide-bv.de\/wp-content\/uploads\/2026\/04\/9467aabb-518c-4374-9265-23eb6c6c1b53-1-721x1024.jpg\" class=\"attachment-large size-large wp-image-1577\" alt=\"\" srcset=\"https:\/\/www.holweide-bv.de\/wp-content\/uploads\/2026\/04\/9467aabb-518c-4374-9265-23eb6c6c1b53-1-721x1024.jpg 721w, https:\/\/www.holweide-bv.de\/wp-content\/uploads\/2026\/04\/9467aabb-518c-4374-9265-23eb6c6c1b53-1-211x300.jpg 211w, https:\/\/www.holweide-bv.de\/wp-content\/uploads\/2026\/04\/9467aabb-518c-4374-9265-23eb6c6c1b53-1-768x1091.jpg 768w, https:\/\/www.holweide-bv.de\/wp-content\/uploads\/2026\/04\/9467aabb-518c-4374-9265-23eb6c6c1b53-1.jpg 1041w\" sizes=\"(max-width: 721px) 100vw, 721px\" \/>\t\t\t\t\t\t\t\t\t\t\t\t\t\t\t<\/div>\n\t\t\t\t\t<\/div>\n\t\t\t\t<\/div>\n\t\t\t\t<\/div>\n\t\t","protected":false},"excerpt":{"rendered":"<p>\u00a0 \u00dcber 100 Jahre lang haben Menschen in Holweide gemeinsam angepackt, gefeiert, gestritten und wieder zusammengefunden \u2013 alles f\u00fcr unseren Stadtteil. Genau das ist die Geschichte unserer B\u00fcrgervereinigung. Wir sind mitten im Leben von Holweide, begleiten die Feste, unterst\u00fctzen die Vereine, feiern die kleinen und gro\u00dfen Gesch\u00e4fte vor Ort und bewahren die Geschichten, die unseren Stadtteil so einzigartig machen. Aber Holweide lebt nicht nur von der Vergangenheit. Es lebt von uns allen, die heute hier sind und Lust haben, etwas zu bewegen. Jeder Einsatz, jede Idee, jeder kleine Beitrag macht unseren Stadtteil ein St\u00fcck lebenswerter. Jeder der Lust hat Holweide aktiv mitzugestalten, ist bei uns genau richtig. Werde Teil unserer Gemeinschaft, bring Ideen ein und erlebe, wie viel Spa\u00df es macht, gemeinsam etwas zu bewegen. Hollwigg zesamme &#8211; Gemeinschaft leben HOLWEIDE FEIERT ALT UND JUNG HOLWEIDE HILFT<\/p>\n","protected":false},"author":2,"featured_media":0,"parent":0,"menu_order":0,"comment_status":"closed","ping_status":"closed","template":"","meta":{"footnotes":""},"class_list":["post-11","page","type-page","status-publish","hentry"],"yoast_head":"<!-- This site is optimized with the Yoast SEO plugin v27.5 - https:\/\/yoast.com\/product\/yoast-seo-wordpress\/ -->\n<title>Herzlich Willkommen bei der B\u00fcrgervereinigung K\u00f6ln-Holweide e.V. - B\u00fcrgervereinigung Holweide<\/title>\n<meta name=\"robots\" content=\"index, follow, max-snippet:-1, max-image-preview:large, max-video-preview:-1\" \/>\n<link rel=\"canonical\" href=\"https:\/\/www.holweide-bv.de\/\" \/>\n<meta property=\"og:locale\" content=\"de_DE\" \/>\n<meta property=\"og:type\" content=\"article\" \/>\n<meta property=\"og:title\" content=\"Herzlich Willkommen bei der B\u00fcrgervereinigung K\u00f6ln-Holweide e.V. - B\u00fcrgervereinigung Holweide\" \/>\n<meta property=\"og:description\" content=\"\u00a0 \u00dcber 100 Jahre lang haben Menschen in Holweide gemeinsam angepackt, gefeiert, gestritten und wieder zusammengefunden \u2013 alles f\u00fcr unseren Stadtteil. Genau das ist die Geschichte unserer B\u00fcrgervereinigung. Wir sind mitten im Leben von Holweide, begleiten die Feste, unterst\u00fctzen die Vereine, feiern die kleinen und gro\u00dfen Gesch\u00e4fte vor Ort und bewahren die Geschichten, die unseren Stadtteil so einzigartig machen. Aber Holweide lebt nicht nur von der Vergangenheit. Es lebt von uns allen, die heute hier sind und Lust haben, etwas zu bewegen. Jeder Einsatz, jede Idee, jeder kleine Beitrag macht unseren Stadtteil ein St\u00fcck lebenswerter. Jeder der Lust hat Holweide aktiv mitzugestalten, ist bei uns genau richtig. Werde Teil unserer Gemeinschaft, bring Ideen ein und erlebe, wie viel Spa\u00df es macht, gemeinsam etwas zu bewegen. Hollwigg zesamme &#8211; Gemeinschaft leben HOLWEIDE FEIERT ALT UND JUNG HOLWEIDE HILFT\" \/>\n<meta property=\"og:url\" content=\"https:\/\/www.holweide-bv.de\/\" \/>\n<meta property=\"og:site_name\" content=\"B\u00fcrgervereinigung Holweide\" \/>\n<meta property=\"article:modified_time\" content=\"2026-05-01T13:32:30+00:00\" \/>\n<meta property=\"og:image\" content=\"https:\/\/www.holweide-bv.de\/wp-content\/uploads\/2026\/04\/Holweide-feiert-e1776514561939.jpg\" \/>\n\t<meta property=\"og:image:width\" content=\"735\" \/>\n\t<meta property=\"og:image:height\" content=\"847\" \/>\n\t<meta property=\"og:image:type\" content=\"image\/jpeg\" \/>\n<meta name=\"twitter:card\" content=\"summary_large_image\" \/>\n<meta name=\"twitter:label1\" content=\"Gesch\u00e4tzte Lesezeit\" \/>\n\t<meta name=\"twitter:data1\" content=\"2\u00a0Minuten\" \/>\n<script type=\"application\/ld+json\" class=\"yoast-schema-graph\">{\"@context\":\"https:\\\/\\\/schema.org\",\"@graph\":[{\"@type\":\"WebPage\",\"@id\":\"https:\\\/\\\/www.holweide-bv.de\\\/\",\"url\":\"https:\\\/\\\/www.holweide-bv.de\\\/\",\"name\":\"Herzlich Willkommen bei der B\u00fcrgervereinigung K\u00f6ln-Holweide e.V. - B\u00fcrgervereinigung Holweide\",\"isPartOf\":{\"@id\":\"https:\\\/\\\/www.holweide-bv.de\\\/#website\"},\"primaryImageOfPage\":{\"@id\":\"https:\\\/\\\/www.holweide-bv.de\\\/#primaryimage\"},\"image\":{\"@id\":\"https:\\\/\\\/www.holweide-bv.de\\\/#primaryimage\"},\"thumbnailUrl\":\"https:\\\/\\\/www.holweide-bv.de\\\/wp-content\\\/uploads\\\/2026\\\/04\\\/Holweide-feiert-e1776514561939.jpg\",\"datePublished\":\"2026-01-18T16:49:14+00:00\",\"dateModified\":\"2026-05-01T13:32:30+00:00\",\"breadcrumb\":{\"@id\":\"https:\\\/\\\/www.holweide-bv.de\\\/#breadcrumb\"},\"inLanguage\":\"de\",\"potentialAction\":[{\"@type\":\"ReadAction\",\"target\":[\"https:\\\/\\\/www.holweide-bv.de\\\/\"]}]},{\"@type\":\"ImageObject\",\"inLanguage\":\"de\",\"@id\":\"https:\\\/\\\/www.holweide-bv.de\\\/#primaryimage\",\"url\":\"https:\\\/\\\/www.holweide-bv.de\\\/wp-content\\\/uploads\\\/2026\\\/04\\\/Holweide-feiert-e1776514561939.jpg\",\"contentUrl\":\"https:\\\/\\\/www.holweide-bv.de\\\/wp-content\\\/uploads\\\/2026\\\/04\\\/Holweide-feiert-e1776514561939.jpg\",\"width\":735,\"height\":847},{\"@type\":\"BreadcrumbList\",\"@id\":\"https:\\\/\\\/www.holweide-bv.de\\\/#breadcrumb\",\"itemListElement\":[{\"@type\":\"ListItem\",\"position\":1,\"name\":\"Start\",\"item\":\"https:\\\/\\\/www.holweide-bv.de\\\/\"},{\"@type\":\"ListItem\",\"position\":2,\"name\":\"Herzlich Willkommen bei der B\u00fcrgervereinigung K\u00f6ln-Holweide e.V.\"}]},{\"@type\":\"WebSite\",\"@id\":\"https:\\\/\\\/www.holweide-bv.de\\\/#website\",\"url\":\"https:\\\/\\\/www.holweide-bv.de\\\/\",\"name\":\"B\u00fcrgervereinigung Holweide\",\"description\":\"\",\"potentialAction\":[{\"@type\":\"SearchAction\",\"target\":{\"@type\":\"EntryPoint\",\"urlTemplate\":\"https:\\\/\\\/www.holweide-bv.de\\\/?s={search_term_string}\"},\"query-input\":{\"@type\":\"PropertyValueSpecification\",\"valueRequired\":true,\"valueName\":\"search_term_string\"}}],\"inLanguage\":\"de\"}]}<\/script>\n<!-- \/ Yoast SEO plugin. -->","yoast_head_json":{"title":"Herzlich Willkommen bei der B\u00fcrgervereinigung K\u00f6ln-Holweide e.V. - B\u00fcrgervereinigung Holweide","robots":{"index":"index","follow":"follow","max-snippet":"max-snippet:-1","max-image-preview":"max-image-preview:large","max-video-preview":"max-video-preview:-1"},"canonical":"https:\/\/www.holweide-bv.de\/","og_locale":"de_DE","og_type":"article","og_title":"Herzlich Willkommen bei der B\u00fcrgervereinigung K\u00f6ln-Holweide e.V. - B\u00fcrgervereinigung Holweide","og_description":"\u00a0 \u00dcber 100 Jahre lang haben Menschen in Holweide gemeinsam angepackt, gefeiert, gestritten und wieder zusammengefunden \u2013 alles f\u00fcr unseren Stadtteil. Genau das ist die Geschichte unserer B\u00fcrgervereinigung. Wir sind mitten im Leben von Holweide, begleiten die Feste, unterst\u00fctzen die Vereine, feiern die kleinen und gro\u00dfen Gesch\u00e4fte vor Ort und bewahren die Geschichten, die unseren Stadtteil so einzigartig machen. Aber Holweide lebt nicht nur von der Vergangenheit. Es lebt von uns allen, die heute hier sind und Lust haben, etwas zu bewegen. Jeder Einsatz, jede Idee, jeder kleine Beitrag macht unseren Stadtteil ein St\u00fcck lebenswerter. Jeder der Lust hat Holweide aktiv mitzugestalten, ist bei uns genau richtig. Werde Teil unserer Gemeinschaft, bring Ideen ein und erlebe, wie viel Spa\u00df es macht, gemeinsam etwas zu bewegen. Hollwigg zesamme &#8211; Gemeinschaft leben HOLWEIDE FEIERT ALT UND JUNG HOLWEIDE HILFT","og_url":"https:\/\/www.holweide-bv.de\/","og_site_name":"B\u00fcrgervereinigung Holweide","article_modified_time":"2026-05-01T13:32:30+00:00","og_image":[{"width":735,"height":847,"url":"https:\/\/www.holweide-bv.de\/wp-content\/uploads\/2026\/04\/Holweide-feiert-e1776514561939.jpg","type":"image\/jpeg"}],"twitter_card":"summary_large_image","twitter_misc":{"Gesch\u00e4tzte Lesezeit":"2\u00a0Minuten"},"schema":{"@context":"https:\/\/schema.org","@graph":[{"@type":"WebPage","@id":"https:\/\/www.holweide-bv.de\/","url":"https:\/\/www.holweide-bv.de\/","name":"Herzlich Willkommen bei der B\u00fcrgervereinigung K\u00f6ln-Holweide e.V. - B\u00fcrgervereinigung Holweide","isPartOf":{"@id":"https:\/\/www.holweide-bv.de\/#website"},"primaryImageOfPage":{"@id":"https:\/\/www.holweide-bv.de\/#primaryimage"},"image":{"@id":"https:\/\/www.holweide-bv.de\/#primaryimage"},"thumbnailUrl":"https:\/\/www.holweide-bv.de\/wp-content\/uploads\/2026\/04\/Holweide-feiert-e1776514561939.jpg","datePublished":"2026-01-18T16:49:14+00:00","dateModified":"2026-05-01T13:32:30+00:00","breadcrumb":{"@id":"https:\/\/www.holweide-bv.de\/#breadcrumb"},"inLanguage":"de","potentialAction":[{"@type":"ReadAction","target":["https:\/\/www.holweide-bv.de\/"]}]},{"@type":"ImageObject","inLanguage":"de","@id":"https:\/\/www.holweide-bv.de\/#primaryimage","url":"https:\/\/www.holweide-bv.de\/wp-content\/uploads\/2026\/04\/Holweide-feiert-e1776514561939.jpg","contentUrl":"https:\/\/www.holweide-bv.de\/wp-content\/uploads\/2026\/04\/Holweide-feiert-e1776514561939.jpg","width":735,"height":847},{"@type":"BreadcrumbList","@id":"https:\/\/www.holweide-bv.de\/#breadcrumb","itemListElement":[{"@type":"ListItem","position":1,"name":"Start","item":"https:\/\/www.holweide-bv.de\/"},{"@type":"ListItem","position":2,"name":"Herzlich Willkommen bei der B\u00fcrgervereinigung K\u00f6ln-Holweide e.V."}]},{"@type":"WebSite","@id":"https:\/\/www.holweide-bv.de\/#website","url":"https:\/\/www.holweide-bv.de\/","name":"B\u00fcrgervereinigung Holweide","description":"","potentialAction":[{"@type":"SearchAction","target":{"@type":"EntryPoint","urlTemplate":"https:\/\/www.holweide-bv.de\/?s={search_term_string}"},"query-input":{"@type":"PropertyValueSpecification","valueRequired":true,"valueName":"search_term_string"}}],"inLanguage":"de"}]}},"_links":{"self":[{"href":"https:\/\/www.holweide-bv.de\/index.php\/wp-json\/wp\/v2\/pages\/11","targetHints":{"allow":["GET"]}}],"collection":[{"href":"https:\/\/www.holweide-bv.de\/index.php\/wp-json\/wp\/v2\/pages"}],"about":[{"href":"https:\/\/www.holweide-bv.de\/index.php\/wp-json\/wp\/v2\/types\/page"}],"author":[{"embeddable":true,"href":"https:\/\/www.holweide-bv.de\/index.php\/wp-json\/wp\/v2\/users\/2"}],"replies":[{"embeddable":true,"href":"https:\/\/www.holweide-bv.de\/index.php\/wp-json\/wp\/v2\/comments?post=11"}],"version-history":[{"count":35,"href":"https:\/\/www.holweide-bv.de\/index.php\/wp-json\/wp\/v2\/pages\/11\/revisions"}],"predecessor-version":[{"id":1604,"href":"https:\/\/www.holweide-bv.de\/index.php\/wp-json\/wp\/v2\/pages\/11\/revisions\/1604"}],"wp:attachment":[{"href":"https:\/\/www.holweide-bv.de\/index.php\/wp-json\/wp\/v2\/media?parent=11"}],"curies":[{"name":"wp","href":"https:\/\/api.w.org\/{rel}","templated":true}]}}