{"id":12,"date":"2026-01-18T17:49:14","date_gmt":"2026-01-18T16:49:14","guid":{"rendered":"https:\/\/neu.holweide-bv.de\/?page_id=12"},"modified":"2026-01-27T15:32:26","modified_gmt":"2026-01-27T14:32:26","slug":"impressum","status":"publish","type":"page","link":"https:\/\/www.holweide-bv.de\/index.php\/impressum\/","title":{"rendered":"Impressum"},"content":{"rendered":"\r\n<p>&nbsp;<\/p>\r\n<h3>B\u00fcrgervereinigung K\u00f6ln-Holweide e.V.<\/h3>\r\n<p>Eintragung im Vereinsregister Amtsgericht K\u00f6ln<br \/>Registerblatt VR 4856<br \/><br \/><strong>1. Vorsitzende:<\/strong> Thomas Gladisch<\/p>\r\n<p>&nbsp;<\/p>\r\n\r\n\r\n\r\n<h4>Kontakt:<\/h4>\r\n\r\n\r\n\r\n<p><strong>Postanschrift:<\/strong> Am Marienstift 20, 51067 K\u00f6ln<\/p>\r\n\r\n\r\n\r\n<p><a href=\"tel:02215792456\" target=\"_blank\" rel=\"noreferrer noopener\">Telefon:\u00a0 +49 221 579 24 56<\/a><\/p>\r\n\r\n\r\n\r\n<p><a href=\"mailto:vorstand@holweide-bv.de\">Mail: vorstand@holweide-bv.de<\/a><\/p>\r\n","protected":false},"excerpt":{"rendered":"<p>&nbsp; B\u00fcrgervereinigung K\u00f6ln-Holweide e.V. Eintragung im Vereinsregister Amtsgericht K\u00f6lnRegisterblatt VR 4856 1. Vorsitzende: Thomas Gladisch &nbsp; Kontakt: Postanschrift: Am Marienstift 20, 51067 K\u00f6ln Telefon:\u00a0 +49 221 579 24 56 Mail: vorstand@holweide-bv.de<\/p>\n","protected":false},"author":2,"featured_media":0,"parent":0,"menu_order":0,"comment_status":"closed","ping_status":"closed","template":"","meta":{"footnotes":""},"class_list":["post-12","page","type-page","status-publish","hentry"],"yoast_head":"<!-- This site is optimized with the Yoast SEO plugin v27.5 - https:\/\/yoast.com\/product\/yoast-seo-wordpress\/ -->\n<title>Impressum - B\u00fcrgervereinigung Holweide<\/title>\n<meta name=\"robots\" content=\"index, follow, max-snippet:-1, max-image-preview:large, max-video-preview:-1\" \/>\n<link rel=\"canonical\" href=\"https:\/\/www.holweide-bv.de\/index.php\/impressum\/\" \/>\n<meta property=\"og:locale\" content=\"de_DE\" \/>\n<meta property=\"og:type\" content=\"article\" \/>\n<meta property=\"og:title\" content=\"Impressum - B\u00fcrgervereinigung Holweide\" \/>\n<meta property=\"og:description\" content=\"&nbsp; B\u00fcrgervereinigung K\u00f6ln-Holweide e.V. Eintragung im Vereinsregister Amtsgericht K\u00f6lnRegisterblatt VR 4856 1. Vorsitzende: Thomas Gladisch &nbsp; Kontakt: Postanschrift: Am Marienstift 20, 51067 K\u00f6ln Telefon:\u00a0 +49 221 579 24 56 Mail: vorstand@holweide-bv.de\" \/>\n<meta property=\"og:url\" content=\"https:\/\/www.holweide-bv.de\/index.php\/impressum\/\" \/>\n<meta property=\"og:site_name\" content=\"B\u00fcrgervereinigung Holweide\" \/>\n<meta property=\"article:modified_time\" content=\"2026-01-27T14:32:26+00:00\" \/>\n<meta name=\"twitter:card\" content=\"summary_large_image\" \/>\n<meta name=\"twitter:label1\" content=\"Gesch\u00e4tzte Lesezeit\" \/>\n\t<meta name=\"twitter:data1\" content=\"1\u00a0Minute\" \/>\n<script type=\"application\/ld+json\" class=\"yoast-schema-graph\">{\"@context\":\"https:\\\/\\\/schema.org\",\"@graph\":[{\"@type\":\"WebPage\",\"@id\":\"https:\\\/\\\/www.holweide-bv.de\\\/index.php\\\/impressum\\\/\",\"url\":\"https:\\\/\\\/www.holweide-bv.de\\\/index.php\\\/impressum\\\/\",\"name\":\"Impressum - B\u00fcrgervereinigung Holweide\",\"isPartOf\":{\"@id\":\"https:\\\/\\\/www.holweide-bv.de\\\/#website\"},\"datePublished\":\"2026-01-18T16:49:14+00:00\",\"dateModified\":\"2026-01-27T14:32:26+00:00\",\"breadcrumb\":{\"@id\":\"https:\\\/\\\/www.holweide-bv.de\\\/index.php\\\/impressum\\\/#breadcrumb\"},\"inLanguage\":\"de\",\"potentialAction\":[{\"@type\":\"ReadAction\",\"target\":[\"https:\\\/\\\/www.holweide-bv.de\\\/index.php\\\/impressum\\\/\"]}]},{\"@type\":\"BreadcrumbList\",\"@id\":\"https:\\\/\\\/www.holweide-bv.de\\\/index.php\\\/impressum\\\/#breadcrumb\",\"itemListElement\":[{\"@type\":\"ListItem\",\"position\":1,\"name\":\"Start\",\"item\":\"https:\\\/\\\/www.holweide-bv.de\\\/\"},{\"@type\":\"ListItem\",\"position\":2,\"name\":\"Impressum\"}]},{\"@type\":\"WebSite\",\"@id\":\"https:\\\/\\\/www.holweide-bv.de\\\/#website\",\"url\":\"https:\\\/\\\/www.holweide-bv.de\\\/\",\"name\":\"B\u00fcrgervereinigung Holweide\",\"description\":\"\",\"potentialAction\":[{\"@type\":\"SearchAction\",\"target\":{\"@type\":\"EntryPoint\",\"urlTemplate\":\"https:\\\/\\\/www.holweide-bv.de\\\/?s={search_term_string}\"},\"query-input\":{\"@type\":\"PropertyValueSpecification\",\"valueRequired\":true,\"valueName\":\"search_term_string\"}}],\"inLanguage\":\"de\"}]}<\/script>\n<!-- \/ Yoast SEO plugin. -->","yoast_head_json":{"title":"Impressum - B\u00fcrgervereinigung Holweide","robots":{"index":"index","follow":"follow","max-snippet":"max-snippet:-1","max-image-preview":"max-image-preview:large","max-video-preview":"max-video-preview:-1"},"canonical":"https:\/\/www.holweide-bv.de\/index.php\/impressum\/","og_locale":"de_DE","og_type":"article","og_title":"Impressum - B\u00fcrgervereinigung Holweide","og_description":"&nbsp; B\u00fcrgervereinigung K\u00f6ln-Holweide e.V. Eintragung im Vereinsregister Amtsgericht K\u00f6lnRegisterblatt VR 4856 1. Vorsitzende: Thomas Gladisch &nbsp; Kontakt: Postanschrift: Am Marienstift 20, 51067 K\u00f6ln Telefon:\u00a0 +49 221 579 24 56 Mail: vorstand@holweide-bv.de","og_url":"https:\/\/www.holweide-bv.de\/index.php\/impressum\/","og_site_name":"B\u00fcrgervereinigung Holweide","article_modified_time":"2026-01-27T14:32:26+00:00","twitter_card":"summary_large_image","twitter_misc":{"Gesch\u00e4tzte Lesezeit":"1\u00a0Minute"},"schema":{"@context":"https:\/\/schema.org","@graph":[{"@type":"WebPage","@id":"https:\/\/www.holweide-bv.de\/index.php\/impressum\/","url":"https:\/\/www.holweide-bv.de\/index.php\/impressum\/","name":"Impressum - B\u00fcrgervereinigung Holweide","isPartOf":{"@id":"https:\/\/www.holweide-bv.de\/#website"},"datePublished":"2026-01-18T16:49:14+00:00","dateModified":"2026-01-27T14:32:26+00:00","breadcrumb":{"@id":"https:\/\/www.holweide-bv.de\/index.php\/impressum\/#breadcrumb"},"inLanguage":"de","potentialAction":[{"@type":"ReadAction","target":["https:\/\/www.holweide-bv.de\/index.php\/impressum\/"]}]},{"@type":"BreadcrumbList","@id":"https:\/\/www.holweide-bv.de\/index.php\/impressum\/#breadcrumb","itemListElement":[{"@type":"ListItem","position":1,"name":"Start","item":"https:\/\/www.holweide-bv.de\/"},{"@type":"ListItem","position":2,"name":"Impressum"}]},{"@type":"WebSite","@id":"https:\/\/www.holweide-bv.de\/#website","url":"https:\/\/www.holweide-bv.de\/","name":"B\u00fcrgervereinigung Holweide","description":"","potentialAction":[{"@type":"SearchAction","target":{"@type":"EntryPoint","urlTemplate":"https:\/\/www.holweide-bv.de\/?s={search_term_string}"},"query-input":{"@type":"PropertyValueSpecification","valueRequired":true,"valueName":"search_term_string"}}],"inLanguage":"de"}]}},"_links":{"self":[{"href":"https:\/\/www.holweide-bv.de\/index.php\/wp-json\/wp\/v2\/pages\/12","targetHints":{"allow":["GET"]}}],"collection":[{"href":"https:\/\/www.holweide-bv.de\/index.php\/wp-json\/wp\/v2\/pages"}],"about":[{"href":"https:\/\/www.holweide-bv.de\/index.php\/wp-json\/wp\/v2\/types\/page"}],"author":[{"embeddable":true,"href":"https:\/\/www.holweide-bv.de\/index.php\/wp-json\/wp\/v2\/users\/2"}],"replies":[{"embeddable":true,"href":"https:\/\/www.holweide-bv.de\/index.php\/wp-json\/wp\/v2\/comments?post=12"}],"version-history":[{"count":4,"href":"https:\/\/www.holweide-bv.de\/index.php\/wp-json\/wp\/v2\/pages\/12\/revisions"}],"predecessor-version":[{"id":1147,"href":"https:\/\/www.holweide-bv.de\/index.php\/wp-json\/wp\/v2\/pages\/12\/revisions\/1147"}],"wp:attachment":[{"href":"https:\/\/www.holweide-bv.de\/index.php\/wp-json\/wp\/v2\/media?parent=12"}],"curies":[{"name":"wp","href":"https:\/\/api.w.org\/{rel}","templated":true}]}}