{"id":1313,"date":"2026-02-03T15:38:08","date_gmt":"2026-02-03T14:38:08","guid":{"rendered":"https:\/\/neu.holweide-bv.de\/?page_id=1313"},"modified":"2026-02-03T15:38:08","modified_gmt":"2026-02-03T14:38:08","slug":"holweide-hilft","status":"publish","type":"page","link":"https:\/\/www.holweide-bv.de\/index.php\/holweide-hilft\/","title":{"rendered":"Holweide hilft"},"content":{"rendered":"<p><br data-start=\"58\" data-end=\"76\" \/>Holweide hilft \u2013 das hei\u00dft f\u00fcreinander da sein und gemeinsam anpacken.<\/p>\n<p><br data-start=\"132\" data-end=\"135\" \/>Mit Angeboten wie der <strong data-start=\"159\" data-end=\"176\">Kleiderkammer<\/strong>, dem <strong data-start=\"182\" data-end=\"195\">Tafelcaf\u00e9<\/strong>, gemeinsamen Aktionen zum <strong data-start=\"225\" data-end=\"244\">Stra\u00dfenreinigen<\/strong> und vielen mehr, setzen sich engagierte Menschen f\u00fcr einen sauberen, sozialen und lebenswerten Stadtteil ein.<\/p>\n<p><br data-start=\"337\" data-end=\"340\" \/>Ob praktische Hilfe, ein offenes Ohr oder einfach ein freundliches Miteinander \u2013 Holweide zeigt: Zusammenhalt macht stark und Nachbarschaft lebendig.<\/p>\n","protected":false},"excerpt":{"rendered":"<p>Holweide hilft \u2013 das hei\u00dft f\u00fcreinander da sein und gemeinsam anpacken. Mit Angeboten wie der Kleiderkammer, dem Tafelcaf\u00e9, gemeinsamen Aktionen zum Stra\u00dfenreinigen und vielen mehr, setzen sich engagierte Menschen f\u00fcr einen sauberen, sozialen und lebenswerten Stadtteil ein. Ob praktische Hilfe, ein offenes Ohr oder einfach ein freundliches Miteinander \u2013 Holweide zeigt: Zusammenhalt macht stark und Nachbarschaft lebendig.<\/p>\n","protected":false},"author":2,"featured_media":0,"parent":0,"menu_order":0,"comment_status":"closed","ping_status":"closed","template":"","meta":{"footnotes":""},"class_list":["post-1313","page","type-page","status-publish","hentry"],"yoast_head":"<!-- This site is optimized with the Yoast SEO plugin v27.5 - https:\/\/yoast.com\/product\/yoast-seo-wordpress\/ -->\n<title>Holweide hilft - B\u00fcrgervereinigung Holweide<\/title>\n<meta name=\"robots\" content=\"index, follow, max-snippet:-1, max-image-preview:large, max-video-preview:-1\" \/>\n<link rel=\"canonical\" href=\"https:\/\/www.holweide-bv.de\/index.php\/holweide-hilft\/\" \/>\n<meta property=\"og:locale\" content=\"de_DE\" \/>\n<meta property=\"og:type\" content=\"article\" \/>\n<meta property=\"og:title\" content=\"Holweide hilft - B\u00fcrgervereinigung Holweide\" \/>\n<meta property=\"og:description\" content=\"Holweide hilft \u2013 das hei\u00dft f\u00fcreinander da sein und gemeinsam anpacken. Mit Angeboten wie der Kleiderkammer, dem Tafelcaf\u00e9, gemeinsamen Aktionen zum Stra\u00dfenreinigen und vielen mehr, setzen sich engagierte Menschen f\u00fcr einen sauberen, sozialen und lebenswerten Stadtteil ein. Ob praktische Hilfe, ein offenes Ohr oder einfach ein freundliches Miteinander \u2013 Holweide zeigt: Zusammenhalt macht stark und Nachbarschaft lebendig.\" \/>\n<meta property=\"og:url\" content=\"https:\/\/www.holweide-bv.de\/index.php\/holweide-hilft\/\" \/>\n<meta property=\"og:site_name\" content=\"B\u00fcrgervereinigung Holweide\" \/>\n<meta name=\"twitter:card\" content=\"summary_large_image\" \/>\n<meta name=\"twitter:label1\" content=\"Gesch\u00e4tzte Lesezeit\" \/>\n\t<meta name=\"twitter:data1\" content=\"1\u00a0Minute\" \/>\n<script type=\"application\/ld+json\" class=\"yoast-schema-graph\">{\"@context\":\"https:\\\/\\\/schema.org\",\"@graph\":[{\"@type\":\"WebPage\",\"@id\":\"https:\\\/\\\/www.holweide-bv.de\\\/index.php\\\/holweide-hilft\\\/\",\"url\":\"https:\\\/\\\/www.holweide-bv.de\\\/index.php\\\/holweide-hilft\\\/\",\"name\":\"Holweide hilft - B\u00fcrgervereinigung Holweide\",\"isPartOf\":{\"@id\":\"https:\\\/\\\/www.holweide-bv.de\\\/#website\"},\"datePublished\":\"2026-02-03T14:38:08+00:00\",\"breadcrumb\":{\"@id\":\"https:\\\/\\\/www.holweide-bv.de\\\/index.php\\\/holweide-hilft\\\/#breadcrumb\"},\"inLanguage\":\"de\",\"potentialAction\":[{\"@type\":\"ReadAction\",\"target\":[\"https:\\\/\\\/www.holweide-bv.de\\\/index.php\\\/holweide-hilft\\\/\"]}]},{\"@type\":\"BreadcrumbList\",\"@id\":\"https:\\\/\\\/www.holweide-bv.de\\\/index.php\\\/holweide-hilft\\\/#breadcrumb\",\"itemListElement\":[{\"@type\":\"ListItem\",\"position\":1,\"name\":\"Start\",\"item\":\"https:\\\/\\\/www.holweide-bv.de\\\/\"},{\"@type\":\"ListItem\",\"position\":2,\"name\":\"Holweide hilft\"}]},{\"@type\":\"WebSite\",\"@id\":\"https:\\\/\\\/www.holweide-bv.de\\\/#website\",\"url\":\"https:\\\/\\\/www.holweide-bv.de\\\/\",\"name\":\"B\u00fcrgervereinigung Holweide\",\"description\":\"\",\"potentialAction\":[{\"@type\":\"SearchAction\",\"target\":{\"@type\":\"EntryPoint\",\"urlTemplate\":\"https:\\\/\\\/www.holweide-bv.de\\\/?s={search_term_string}\"},\"query-input\":{\"@type\":\"PropertyValueSpecification\",\"valueRequired\":true,\"valueName\":\"search_term_string\"}}],\"inLanguage\":\"de\"}]}<\/script>\n<!-- \/ Yoast SEO plugin. -->","yoast_head_json":{"title":"Holweide hilft - B\u00fcrgervereinigung Holweide","robots":{"index":"index","follow":"follow","max-snippet":"max-snippet:-1","max-image-preview":"max-image-preview:large","max-video-preview":"max-video-preview:-1"},"canonical":"https:\/\/www.holweide-bv.de\/index.php\/holweide-hilft\/","og_locale":"de_DE","og_type":"article","og_title":"Holweide hilft - B\u00fcrgervereinigung Holweide","og_description":"Holweide hilft \u2013 das hei\u00dft f\u00fcreinander da sein und gemeinsam anpacken. Mit Angeboten wie der Kleiderkammer, dem Tafelcaf\u00e9, gemeinsamen Aktionen zum Stra\u00dfenreinigen und vielen mehr, setzen sich engagierte Menschen f\u00fcr einen sauberen, sozialen und lebenswerten Stadtteil ein. Ob praktische Hilfe, ein offenes Ohr oder einfach ein freundliches Miteinander \u2013 Holweide zeigt: Zusammenhalt macht stark und Nachbarschaft lebendig.","og_url":"https:\/\/www.holweide-bv.de\/index.php\/holweide-hilft\/","og_site_name":"B\u00fcrgervereinigung Holweide","twitter_card":"summary_large_image","twitter_misc":{"Gesch\u00e4tzte Lesezeit":"1\u00a0Minute"},"schema":{"@context":"https:\/\/schema.org","@graph":[{"@type":"WebPage","@id":"https:\/\/www.holweide-bv.de\/index.php\/holweide-hilft\/","url":"https:\/\/www.holweide-bv.de\/index.php\/holweide-hilft\/","name":"Holweide hilft - B\u00fcrgervereinigung Holweide","isPartOf":{"@id":"https:\/\/www.holweide-bv.de\/#website"},"datePublished":"2026-02-03T14:38:08+00:00","breadcrumb":{"@id":"https:\/\/www.holweide-bv.de\/index.php\/holweide-hilft\/#breadcrumb"},"inLanguage":"de","potentialAction":[{"@type":"ReadAction","target":["https:\/\/www.holweide-bv.de\/index.php\/holweide-hilft\/"]}]},{"@type":"BreadcrumbList","@id":"https:\/\/www.holweide-bv.de\/index.php\/holweide-hilft\/#breadcrumb","itemListElement":[{"@type":"ListItem","position":1,"name":"Start","item":"https:\/\/www.holweide-bv.de\/"},{"@type":"ListItem","position":2,"name":"Holweide hilft"}]},{"@type":"WebSite","@id":"https:\/\/www.holweide-bv.de\/#website","url":"https:\/\/www.holweide-bv.de\/","name":"B\u00fcrgervereinigung Holweide","description":"","potentialAction":[{"@type":"SearchAction","target":{"@type":"EntryPoint","urlTemplate":"https:\/\/www.holweide-bv.de\/?s={search_term_string}"},"query-input":{"@type":"PropertyValueSpecification","valueRequired":true,"valueName":"search_term_string"}}],"inLanguage":"de"}]}},"_links":{"self":[{"href":"https:\/\/www.holweide-bv.de\/index.php\/wp-json\/wp\/v2\/pages\/1313","targetHints":{"allow":["GET"]}}],"collection":[{"href":"https:\/\/www.holweide-bv.de\/index.php\/wp-json\/wp\/v2\/pages"}],"about":[{"href":"https:\/\/www.holweide-bv.de\/index.php\/wp-json\/wp\/v2\/types\/page"}],"author":[{"embeddable":true,"href":"https:\/\/www.holweide-bv.de\/index.php\/wp-json\/wp\/v2\/users\/2"}],"replies":[{"embeddable":true,"href":"https:\/\/www.holweide-bv.de\/index.php\/wp-json\/wp\/v2\/comments?post=1313"}],"version-history":[{"count":2,"href":"https:\/\/www.holweide-bv.de\/index.php\/wp-json\/wp\/v2\/pages\/1313\/revisions"}],"predecessor-version":[{"id":1315,"href":"https:\/\/www.holweide-bv.de\/index.php\/wp-json\/wp\/v2\/pages\/1313\/revisions\/1315"}],"wp:attachment":[{"href":"https:\/\/www.holweide-bv.de\/index.php\/wp-json\/wp\/v2\/media?parent=1313"}],"curies":[{"name":"wp","href":"https:\/\/api.w.org\/{rel}","templated":true}]}}