{"id":1316,"date":"2026-02-03T15:40:42","date_gmt":"2026-02-03T14:40:42","guid":{"rendered":"https:\/\/neu.holweide-bv.de\/?page_id=1316"},"modified":"2026-03-26T11:51:11","modified_gmt":"2026-03-26T10:51:11","slug":"alt-und-jung","status":"publish","type":"page","link":"https:\/\/www.holweide-bv.de\/index.php\/alt-und-jung\/","title":{"rendered":"Alt und Jung"},"content":{"rendered":"<p>&nbsp;<\/p>\n<p data-start=\"87\" data-end=\"153\"><strong data-start=\"87\" data-end=\"151\">Gemeinsam erleben, lachen und feiern<\/strong><\/p>\n<p data-start=\"155\" data-end=\"432\">In Holweide treffen sich Alt und Jung und das auf ganz besondere Weise! Unser Generationentreffen bringt Menschen jeden Alters zusammen: Von den ganz Kleinen bis zu unseren erfahrenen Seniorinnen und Senioren. Hier wird gemeinsam gelacht, gespielt und Erinnerungen geteilt.<\/p>\n<p data-start=\"434\" data-end=\"740\">Bei unseren Kinderfesten strahlen die Augen unserer J\u00fcngsten: Bunte Spiele, spannende Aktionen und fr\u00f6hliche Musik sorgen f\u00fcr unvergessliche Momente. Gleichzeitig ist es ein wunderbarer Ort f\u00fcr die \u00c4lteren, um Geschichten auszutauschen, neue Kontakte zu kn\u00fcpfen oder einfach die Gemeinschaft zu genie\u00dfen.<\/p>\n<p data-start=\"742\" data-end=\"1001\">Wir wollen unseren Stadtteil zu einem Ort machen, an dem Jung und Alt voneinander lernen, miteinander feiern und die Nachbarschaft lebendig machen. Ob Feste, Workshops oder gem\u00fctliche Nachmittage: Bei uns findet jede Generation ihren Platz.<\/p>\n<p data-start=\"1003\" data-end=\"1135\">Seid dabei, erlebt Gemeinschaft von ihrer sch\u00f6nsten Seite und lasst uns zusammen Holweide bunt und lebendig machen \u2013 Alt und Jung!<\/p>\n<h4 data-start=\"1003\" data-end=\"1135\">Veranstaltungen<\/h4>\n<p data-start=\"1003\" data-end=\"1135\"><img fetchpriority=\"high\" decoding=\"async\" class=\"size-medium wp-image-1528 aligncenter\" src=\"https:\/\/www.holweide-bv.de\/wp-content\/uploads\/2026\/03\/2cd04742-28f7-474c-8391-e5cd93edb86b-215x300.jpg\" alt=\"\" width=\"215\" height=\"300\" srcset=\"https:\/\/www.holweide-bv.de\/wp-content\/uploads\/2026\/03\/2cd04742-28f7-474c-8391-e5cd93edb86b-215x300.jpg 215w, https:\/\/www.holweide-bv.de\/wp-content\/uploads\/2026\/03\/2cd04742-28f7-474c-8391-e5cd93edb86b-733x1024.jpg 733w, https:\/\/www.holweide-bv.de\/wp-content\/uploads\/2026\/03\/2cd04742-28f7-474c-8391-e5cd93edb86b-768x1072.jpg 768w, https:\/\/www.holweide-bv.de\/wp-content\/uploads\/2026\/03\/2cd04742-28f7-474c-8391-e5cd93edb86b.jpg 828w\" sizes=\"(max-width: 215px) 100vw, 215px\" \/><\/p>\n<p style=\"text-align: center;\" data-start=\"1003\" data-end=\"1135\"><a href=\"https:\/\/www.holweide-bv.de\/index.php\/veranstaltung\/generationentag\/\" target=\"_blank\" rel=\"noopener\">Weitere Informationen findet Ihr in unserem Veranstaltungskalender &gt;&gt;<\/a><\/p>\n","protected":false},"excerpt":{"rendered":"<p>&nbsp; Gemeinsam erleben, lachen und feiern In Holweide treffen sich Alt und Jung und das auf ganz besondere Weise! Unser Generationentreffen bringt Menschen jeden Alters zusammen: Von den ganz Kleinen bis zu unseren erfahrenen Seniorinnen und Senioren. Hier wird gemeinsam gelacht, gespielt und Erinnerungen geteilt. Bei unseren Kinderfesten strahlen die Augen unserer J\u00fcngsten: Bunte Spiele, spannende Aktionen und fr\u00f6hliche Musik sorgen f\u00fcr unvergessliche Momente. Gleichzeitig ist es ein wunderbarer Ort f\u00fcr die \u00c4lteren, um Geschichten auszutauschen, neue Kontakte zu kn\u00fcpfen oder einfach die Gemeinschaft zu genie\u00dfen. Wir wollen unseren Stadtteil zu einem Ort machen, an dem Jung und Alt voneinander lernen, miteinander feiern und die Nachbarschaft lebendig machen. Ob Feste, Workshops oder gem\u00fctliche Nachmittage: Bei uns findet jede Generation ihren Platz. Seid dabei, erlebt Gemeinschaft von ihrer sch\u00f6nsten Seite und lasst uns zusammen Holweide bunt und lebendig machen \u2013 Alt und Jung! Veranstaltungen Weitere Informationen findet Ihr in unserem Veranstaltungskalender &gt;&gt;<\/p>\n","protected":false},"author":2,"featured_media":0,"parent":0,"menu_order":0,"comment_status":"closed","ping_status":"closed","template":"","meta":{"footnotes":""},"class_list":["post-1316","page","type-page","status-publish","hentry"],"yoast_head":"<!-- This site is optimized with the Yoast SEO plugin v27.5 - https:\/\/yoast.com\/product\/yoast-seo-wordpress\/ -->\n<title>Alt und Jung - B\u00fcrgervereinigung Holweide<\/title>\n<meta name=\"robots\" content=\"index, follow, max-snippet:-1, max-image-preview:large, max-video-preview:-1\" \/>\n<link rel=\"canonical\" href=\"https:\/\/www.holweide-bv.de\/index.php\/alt-und-jung\/\" \/>\n<meta property=\"og:locale\" content=\"de_DE\" \/>\n<meta property=\"og:type\" content=\"article\" \/>\n<meta property=\"og:title\" content=\"Alt und Jung - B\u00fcrgervereinigung Holweide\" \/>\n<meta property=\"og:description\" content=\"&nbsp; Gemeinsam erleben, lachen und feiern In Holweide treffen sich Alt und Jung und das auf ganz besondere Weise! Unser Generationentreffen bringt Menschen jeden Alters zusammen: Von den ganz Kleinen bis zu unseren erfahrenen Seniorinnen und Senioren. Hier wird gemeinsam gelacht, gespielt und Erinnerungen geteilt. Bei unseren Kinderfesten strahlen die Augen unserer J\u00fcngsten: Bunte Spiele, spannende Aktionen und fr\u00f6hliche Musik sorgen f\u00fcr unvergessliche Momente. Gleichzeitig ist es ein wunderbarer Ort f\u00fcr die \u00c4lteren, um Geschichten auszutauschen, neue Kontakte zu kn\u00fcpfen oder einfach die Gemeinschaft zu genie\u00dfen. Wir wollen unseren Stadtteil zu einem Ort machen, an dem Jung und Alt voneinander lernen, miteinander feiern und die Nachbarschaft lebendig machen. Ob Feste, Workshops oder gem\u00fctliche Nachmittage: Bei uns findet jede Generation ihren Platz. Seid dabei, erlebt Gemeinschaft von ihrer sch\u00f6nsten Seite und lasst uns zusammen Holweide bunt und lebendig machen \u2013 Alt und Jung! Veranstaltungen Weitere Informationen findet Ihr in unserem Veranstaltungskalender &gt;&gt;\" \/>\n<meta property=\"og:url\" content=\"https:\/\/www.holweide-bv.de\/index.php\/alt-und-jung\/\" \/>\n<meta property=\"og:site_name\" content=\"B\u00fcrgervereinigung Holweide\" \/>\n<meta property=\"article:modified_time\" content=\"2026-03-26T10:51:11+00:00\" \/>\n<meta property=\"og:image\" content=\"https:\/\/www.holweide-bv.de\/wp-content\/uploads\/2026\/03\/2cd04742-28f7-474c-8391-e5cd93edb86b.jpg\" \/>\n\t<meta property=\"og:image:width\" content=\"828\" \/>\n\t<meta property=\"og:image:height\" content=\"1156\" \/>\n\t<meta property=\"og:image:type\" content=\"image\/jpeg\" \/>\n<meta name=\"twitter:card\" content=\"summary_large_image\" \/>\n<meta name=\"twitter:label1\" content=\"Gesch\u00e4tzte Lesezeit\" \/>\n\t<meta name=\"twitter:data1\" content=\"2\u00a0Minuten\" \/>\n<script type=\"application\/ld+json\" class=\"yoast-schema-graph\">{\"@context\":\"https:\\\/\\\/schema.org\",\"@graph\":[{\"@type\":\"WebPage\",\"@id\":\"https:\\\/\\\/www.holweide-bv.de\\\/index.php\\\/alt-und-jung\\\/\",\"url\":\"https:\\\/\\\/www.holweide-bv.de\\\/index.php\\\/alt-und-jung\\\/\",\"name\":\"Alt und Jung - B\u00fcrgervereinigung Holweide\",\"isPartOf\":{\"@id\":\"https:\\\/\\\/www.holweide-bv.de\\\/#website\"},\"primaryImageOfPage\":{\"@id\":\"https:\\\/\\\/www.holweide-bv.de\\\/index.php\\\/alt-und-jung\\\/#primaryimage\"},\"image\":{\"@id\":\"https:\\\/\\\/www.holweide-bv.de\\\/index.php\\\/alt-und-jung\\\/#primaryimage\"},\"thumbnailUrl\":\"https:\\\/\\\/www.holweide-bv.de\\\/wp-content\\\/uploads\\\/2026\\\/03\\\/2cd04742-28f7-474c-8391-e5cd93edb86b-215x300.jpg\",\"datePublished\":\"2026-02-03T14:40:42+00:00\",\"dateModified\":\"2026-03-26T10:51:11+00:00\",\"breadcrumb\":{\"@id\":\"https:\\\/\\\/www.holweide-bv.de\\\/index.php\\\/alt-und-jung\\\/#breadcrumb\"},\"inLanguage\":\"de\",\"potentialAction\":[{\"@type\":\"ReadAction\",\"target\":[\"https:\\\/\\\/www.holweide-bv.de\\\/index.php\\\/alt-und-jung\\\/\"]}]},{\"@type\":\"ImageObject\",\"inLanguage\":\"de\",\"@id\":\"https:\\\/\\\/www.holweide-bv.de\\\/index.php\\\/alt-und-jung\\\/#primaryimage\",\"url\":\"https:\\\/\\\/www.holweide-bv.de\\\/wp-content\\\/uploads\\\/2026\\\/03\\\/2cd04742-28f7-474c-8391-e5cd93edb86b.jpg\",\"contentUrl\":\"https:\\\/\\\/www.holweide-bv.de\\\/wp-content\\\/uploads\\\/2026\\\/03\\\/2cd04742-28f7-474c-8391-e5cd93edb86b.jpg\",\"width\":828,\"height\":1156},{\"@type\":\"BreadcrumbList\",\"@id\":\"https:\\\/\\\/www.holweide-bv.de\\\/index.php\\\/alt-und-jung\\\/#breadcrumb\",\"itemListElement\":[{\"@type\":\"ListItem\",\"position\":1,\"name\":\"Start\",\"item\":\"https:\\\/\\\/www.holweide-bv.de\\\/\"},{\"@type\":\"ListItem\",\"position\":2,\"name\":\"Alt und Jung\"}]},{\"@type\":\"WebSite\",\"@id\":\"https:\\\/\\\/www.holweide-bv.de\\\/#website\",\"url\":\"https:\\\/\\\/www.holweide-bv.de\\\/\",\"name\":\"B\u00fcrgervereinigung Holweide\",\"description\":\"\",\"potentialAction\":[{\"@type\":\"SearchAction\",\"target\":{\"@type\":\"EntryPoint\",\"urlTemplate\":\"https:\\\/\\\/www.holweide-bv.de\\\/?s={search_term_string}\"},\"query-input\":{\"@type\":\"PropertyValueSpecification\",\"valueRequired\":true,\"valueName\":\"search_term_string\"}}],\"inLanguage\":\"de\"}]}<\/script>\n<!-- \/ Yoast SEO plugin. -->","yoast_head_json":{"title":"Alt und Jung - B\u00fcrgervereinigung Holweide","robots":{"index":"index","follow":"follow","max-snippet":"max-snippet:-1","max-image-preview":"max-image-preview:large","max-video-preview":"max-video-preview:-1"},"canonical":"https:\/\/www.holweide-bv.de\/index.php\/alt-und-jung\/","og_locale":"de_DE","og_type":"article","og_title":"Alt und Jung - B\u00fcrgervereinigung Holweide","og_description":"&nbsp; Gemeinsam erleben, lachen und feiern In Holweide treffen sich Alt und Jung und das auf ganz besondere Weise! Unser Generationentreffen bringt Menschen jeden Alters zusammen: Von den ganz Kleinen bis zu unseren erfahrenen Seniorinnen und Senioren. Hier wird gemeinsam gelacht, gespielt und Erinnerungen geteilt. Bei unseren Kinderfesten strahlen die Augen unserer J\u00fcngsten: Bunte Spiele, spannende Aktionen und fr\u00f6hliche Musik sorgen f\u00fcr unvergessliche Momente. Gleichzeitig ist es ein wunderbarer Ort f\u00fcr die \u00c4lteren, um Geschichten auszutauschen, neue Kontakte zu kn\u00fcpfen oder einfach die Gemeinschaft zu genie\u00dfen. Wir wollen unseren Stadtteil zu einem Ort machen, an dem Jung und Alt voneinander lernen, miteinander feiern und die Nachbarschaft lebendig machen. Ob Feste, Workshops oder gem\u00fctliche Nachmittage: Bei uns findet jede Generation ihren Platz. Seid dabei, erlebt Gemeinschaft von ihrer sch\u00f6nsten Seite und lasst uns zusammen Holweide bunt und lebendig machen \u2013 Alt und Jung! Veranstaltungen Weitere Informationen findet Ihr in unserem Veranstaltungskalender &gt;&gt;","og_url":"https:\/\/www.holweide-bv.de\/index.php\/alt-und-jung\/","og_site_name":"B\u00fcrgervereinigung Holweide","article_modified_time":"2026-03-26T10:51:11+00:00","og_image":[{"width":828,"height":1156,"url":"https:\/\/www.holweide-bv.de\/wp-content\/uploads\/2026\/03\/2cd04742-28f7-474c-8391-e5cd93edb86b.jpg","type":"image\/jpeg"}],"twitter_card":"summary_large_image","twitter_misc":{"Gesch\u00e4tzte Lesezeit":"2\u00a0Minuten"},"schema":{"@context":"https:\/\/schema.org","@graph":[{"@type":"WebPage","@id":"https:\/\/www.holweide-bv.de\/index.php\/alt-und-jung\/","url":"https:\/\/www.holweide-bv.de\/index.php\/alt-und-jung\/","name":"Alt und Jung - B\u00fcrgervereinigung Holweide","isPartOf":{"@id":"https:\/\/www.holweide-bv.de\/#website"},"primaryImageOfPage":{"@id":"https:\/\/www.holweide-bv.de\/index.php\/alt-und-jung\/#primaryimage"},"image":{"@id":"https:\/\/www.holweide-bv.de\/index.php\/alt-und-jung\/#primaryimage"},"thumbnailUrl":"https:\/\/www.holweide-bv.de\/wp-content\/uploads\/2026\/03\/2cd04742-28f7-474c-8391-e5cd93edb86b-215x300.jpg","datePublished":"2026-02-03T14:40:42+00:00","dateModified":"2026-03-26T10:51:11+00:00","breadcrumb":{"@id":"https:\/\/www.holweide-bv.de\/index.php\/alt-und-jung\/#breadcrumb"},"inLanguage":"de","potentialAction":[{"@type":"ReadAction","target":["https:\/\/www.holweide-bv.de\/index.php\/alt-und-jung\/"]}]},{"@type":"ImageObject","inLanguage":"de","@id":"https:\/\/www.holweide-bv.de\/index.php\/alt-und-jung\/#primaryimage","url":"https:\/\/www.holweide-bv.de\/wp-content\/uploads\/2026\/03\/2cd04742-28f7-474c-8391-e5cd93edb86b.jpg","contentUrl":"https:\/\/www.holweide-bv.de\/wp-content\/uploads\/2026\/03\/2cd04742-28f7-474c-8391-e5cd93edb86b.jpg","width":828,"height":1156},{"@type":"BreadcrumbList","@id":"https:\/\/www.holweide-bv.de\/index.php\/alt-und-jung\/#breadcrumb","itemListElement":[{"@type":"ListItem","position":1,"name":"Start","item":"https:\/\/www.holweide-bv.de\/"},{"@type":"ListItem","position":2,"name":"Alt und Jung"}]},{"@type":"WebSite","@id":"https:\/\/www.holweide-bv.de\/#website","url":"https:\/\/www.holweide-bv.de\/","name":"B\u00fcrgervereinigung Holweide","description":"","potentialAction":[{"@type":"SearchAction","target":{"@type":"EntryPoint","urlTemplate":"https:\/\/www.holweide-bv.de\/?s={search_term_string}"},"query-input":{"@type":"PropertyValueSpecification","valueRequired":true,"valueName":"search_term_string"}}],"inLanguage":"de"}]}},"_links":{"self":[{"href":"https:\/\/www.holweide-bv.de\/index.php\/wp-json\/wp\/v2\/pages\/1316","targetHints":{"allow":["GET"]}}],"collection":[{"href":"https:\/\/www.holweide-bv.de\/index.php\/wp-json\/wp\/v2\/pages"}],"about":[{"href":"https:\/\/www.holweide-bv.de\/index.php\/wp-json\/wp\/v2\/types\/page"}],"author":[{"embeddable":true,"href":"https:\/\/www.holweide-bv.de\/index.php\/wp-json\/wp\/v2\/users\/2"}],"replies":[{"embeddable":true,"href":"https:\/\/www.holweide-bv.de\/index.php\/wp-json\/wp\/v2\/comments?post=1316"}],"version-history":[{"count":5,"href":"https:\/\/www.holweide-bv.de\/index.php\/wp-json\/wp\/v2\/pages\/1316\/revisions"}],"predecessor-version":[{"id":1535,"href":"https:\/\/www.holweide-bv.de\/index.php\/wp-json\/wp\/v2\/pages\/1316\/revisions\/1535"}],"wp:attachment":[{"href":"https:\/\/www.holweide-bv.de\/index.php\/wp-json\/wp\/v2\/media?parent=1316"}],"curies":[{"name":"wp","href":"https:\/\/api.w.org\/{rel}","templated":true}]}}